{"id":999,"date":"2018-05-23T08:42:16","date_gmt":"2018-05-23T06:42:16","guid":{"rendered":"http:\/\/christian-perl.at\/?page_id=999"},"modified":"2021-10-04T20:19:56","modified_gmt":"2021-10-04T18:19:56","slug":"datenschutzerklaerung","status":"publish","type":"page","link":"http:\/\/christian-perl.at\/en\/datenschutzerklaerung\/","title":{"rendered":"Data protection"},"content":{"rendered":"<h2>Datenschutzvereinbarungen<\/h2><p><p>In dieser Datenschutzerkl\u00e4rung informieren wir Sie \u00fcber die Verarbeitung Ihrer personenbezogenen Daten.<\/p><p> Sofern Sie Ihre Datenschutzeinstellungen \u00e4ndern m\u00f6chten (Einwilligungen erteilen oder bereits erteilte Einwilligungen widerrufen), klicken Sie <a target=\"_blank\" href=\"#\" class=\"sp-dsgvo-show-privacy-popup\">hier<\/a> um Ihre Einstellungen zu \u00e4ndern.<\/p><h2>Verantwortlich<\/h2><p>Mag. Christian Perl, , Glockengasse 8A\/4, 1020 Wien, \u00d6sterreich, <a href=\"\/en\/&\/#x6d;&#97;i&#x6c;&#x74;&#111;:&#x6f;&#x66;&#102;i&#x63;&#101;&#64;&#x63;&#x68;&#114;i&#x73;&#x74;&#105;a&#x6e;&#45;&#112;&#x65;&#x72;&#108;&#46;&#x61;&#x74;\">offi&#99;&#101;&#64;&#99;&#104;&#114;&#105;&#x73;&#x74;&#x69;&#x61;&#x6e;&#x2d;&#x70;&#x65;&#x72;l&#46;at<\/a>, +43 699 18113855<\/p><h2>Datenschutzbeauftragter<\/h2><p><p>Unseren Datenschutzbeauftragten erreichen Sie unter:<\/p>z.H. Mag. Christian Perl, <br \/>Glockengasse 8A\/4 <br \/>1020 Wien <br \/>Telefon: +43 699 18113855 <br \/>Email: <a href=\"\/en\/&\/#x6d;&#x61;&#105;&#108;t&#x6f;&#x3a;&#x6f;&#102;fi&#x63;&#x65;&#64;&#99;h&#x72;&#x69;&#x73;&#116;ia&#x6e;&#x2d;&#112;&#101;r&#x6c;&#x2e;&#x61;&#116;\">&#x6f;&#102;&#x66;&#x69;&#99;&#x65;&#x40;&#99;&#x68;&#x72;&#105;&#x73;&#x74;i&#x61;&#x6e;-&#x70;&#101;r&#x6c;&#46;a&#x74;<\/a> <br \/><\/p><h2>Hosting Provider<\/h2><h3>domainfactory GmbH<\/h3><p><p>Wir hosten unsere Website bei unserem Auftragsverarbeiter <a target=\"_blank\" href=\"https:\/\/www.df.eu\/at\/\">Domainfactory<\/a>, domainfactory GmbH, Parkring 10, 1010 Wien, \u00d6sterreich.<\/p><p>Zum Zweck der Bereitstellung und der Auslieferung der Website werden Verbindungsdaten verarbeitet. Zum blo\u00dfen Zweck der Auslieferung und Bereitstellung der Website werden die Daten \u00fcber den Aufruf hinaus nicht gespeichert.<\/p><p>Die Rechtsgrundlage f\u00fcr die Datenverarbeitung ist die unbedingte technische Notwendigkeit zur Bereitstellung und Auslieferung des von Ihnen durch Ihren Aufruf ausdr\u00fccklich gew\u00fcnschten Dienstes &#8222;Website&#8220; gem\u00e4\u00df \u00a7 165 Abs. 3 TKG 2021.<\/p><p>Zum Betrieb der Website werden die Verbindungsdaten und weitere personenbezogenen Daten zus\u00e4tzlich im Rahmen diverser anderer Funktionen bzw. Dienste verarbeitet. Dar\u00fcber wird im Rahmen dieser Datenschutzerkl\u00e4rung bei den einzelnen Funktionen bzw. Diensten im Detail informiert.<\/p><\/p><h2>Server Log Files<\/h2><span><p>Zum Zweck der \u00dcberwachung der technischen Funktion und zur Erh\u00f6hung der Betriebssicherheit unseres Webhosts werden Verbindungsdaten verarbeitet. Die Dauer der Verarbeitung ist auf 30 Tage beschr\u00e4nkt.<\/p><p>Die Rechtsgrundlage f\u00fcr die Datenverarbeitung ist die unbedingte technische Notwendigkeit eines Server Log Files als grundlegende Datenbasis zur Fehleranalyse und f\u00fcr Sicherheitsma\u00dfnahmen im Rahmen des durch Ihren Aufruf ausdr\u00fccklich gew\u00fcnschten Dienstes &#8222;Website&#8220; gem\u00e4\u00df \u00a7 165 Abs. 3 TKG 2021.<\/p><\/span><h2>Kontaktformular<\/h2><p><p>Auf unserer Website besteht die M\u00f6glichkeit, durch ein Kontaktformular direkt mit uns in Kontakt zu treten. Nach Absenden des Kontaktformulars erfolgt eine Verarbeitung der von Ihnen eingegebenen personenbezogenen Daten durch den Verantwortlichen zum Zweck der Bearbeitung Ihrer Anfrage auf Grundlage der von Ihnen durch das Absenden des Formulars erteilten Einwilligung gem. Art. 6 Abs. 1 lit. a DSGVO bis auf Widerruf.<br \/>Es besteht keine gesetzliche oder vertragliche Verpflichtung zur Bereitstellung der personenbezogenen Daten. Die Nichtbereitstellung hat lediglich zur Folge, dass Sie Ihr Anliegen nicht \u00fcbermitteln und wir dieses nicht bearbeiten k\u00f6nnen.<\/p><\/p><h2>Registrierungsformular<\/h2><p><p>Wir bieten Ihnen auf unserer Website eine Registrierungsm\u00f6glichkeit. Nach Absenden der Registrierung erfolgt eine Verarbeitung der im Registrierungsformular angef\u00fchrten Daten durch uns zum Zweck der Vertragserf\u00fcllung auf Grundlage des mit der Registrierung abgeschlossenen Vertrages gem. Art. 6 Abs. 1 lit. b DSGVO f\u00fcr die Vertragslaufzeit. <\/p><p>Es besteht keine gesetzliche oder vertragliche Verpflichtung zur Bereitstellung der personenbezogenen Daten. Die Nichtbereitstellung hat lediglich zur Folge, dass keine Registrierung m\u00f6glich ist.<\/p><p> Eine Daten\u00fcbermittlung an Dritte erfolgt nicht.<\/p><\/p><h2>Web Schriften<\/h2><h2>Widerspruchsrecht<\/h2><p><p>Sofern die Verarbeitung Ihrer personenbezogenen Daten auf Grundlage des berechtigten Interesses erfolgt, haben Sie das Recht gegen diese Verarbeitung zu widersprechen.<\/p><p>Sofern keine zwingenden schutzw\u00fcrdigen Gr\u00fcnde f\u00fcr die Verarbeitung unsererseits vorliegen, wird die Verarbeitung Ihrer Daten auf Basis dieser Rechtsgrundlage eingestellt.<\/p><p>Zudem haben Sie das Recht, der Verarbeitung Ihrer personenbezogenen Daten zum Zweck der Direktwerbung zu widersprechen. Im Fall des Widerspruchs werden Ihre personenbezogenen Daten nicht mehr zum Zweck der Direktwerbung verarbeitet.<\/p><p>Die Rechtm\u00e4\u00dfigkeit der bis zum Widerspruch verarbeiteten Daten wird durch den Widerspruch nicht ber\u00fchrt.<\/p><\/p><h2>Widerrufsrecht<\/h2><p><p>Sie haben das Recht eine bereits erteilte Einwilligung jederzeit zu widerrufen, indem Sie die <a target=\"_blank\" class=\"lwb-ppsp\" href=\"#\" title=\"Datenschutzeinstellungen\">Datenschutzeinstellungen<\/a> \u00e4ndern.<\/p><p>Im Fall der Einwilligung in den Erhalt elektronischer Werbung kann der Widerruf Ihrer Einwilligung durch Klick auf den Abmeldelink erfolgen. In diesem Fall wird eine Verarbeitung, sofern keine andere Rechtsgrundlage besteht, eingestellt.<\/p><p>Die Rechtm\u00e4\u00dfigkeit der bis zum Widerruf verarbeiteten Daten wird durch den Widerruf nicht ber\u00fchrt.<\/p><\/p><h2>Betroffenenrechte<\/h2><p><p>Sie haben zudem das Recht auf Auskunft, Berichtigung, L\u00f6schung und Einschr\u00e4nkung der Verarbeitung der personenbezogenen Daten.<\/p><p>Soweit die Rechtsgrundlage der Verarbeitung Ihrer personenbezogenen Daten in Ihrer Einwilligung oder in einem mit Ihnen abgeschlossenen Vertrag besteht, haben Sie \u00fcberdies das Recht auf Daten\u00fcbertragbarkeit. <\/p><p>Weiters haben Sie das Recht auf Beschwerde bei der Aufsichtsbeh\u00f6rde. N\u00e4here Informationen zu den Aufsichtsbeh\u00f6rden in der Europ\u00e4ischen Union finden Sie <a target=\"_blank\" href=\"https:\/\/ec.europa.eu\/justice\/article-29\/structure\/data-protection-authorities\/index_en.htm\" title=\"Datenschutzbeh\u00f6rden\">hier<\/a>.<\/p><\/p>","protected":false},"excerpt":{"rendered":"","protected":false},"author":1,"featured_media":0,"parent":0,"menu_order":0,"comment_status":"closed","ping_status":"closed","template":"","meta":[],"_links":{"self":[{"href":"http:\/\/christian-perl.at\/en\/wp-json\/wp\/v2\/pages\/999"}],"collection":[{"href":"http:\/\/christian-perl.at\/en\/wp-json\/wp\/v2\/pages"}],"about":[{"href":"http:\/\/christian-perl.at\/en\/wp-json\/wp\/v2\/types\/page"}],"author":[{"embeddable":true,"href":"http:\/\/christian-perl.at\/en\/wp-json\/wp\/v2\/users\/1"}],"replies":[{"embeddable":true,"href":"http:\/\/christian-perl.at\/en\/wp-json\/wp\/v2\/comments?post=999"}],"version-history":[{"count":3,"href":"http:\/\/christian-perl.at\/en\/wp-json\/wp\/v2\/pages\/999\/revisions"}],"predecessor-version":[{"id":2366,"href":"http:\/\/christian-perl.at\/en\/wp-json\/wp\/v2\/pages\/999\/revisions\/2366"}],"wp:attachment":[{"href":"http:\/\/christian-perl.at\/en\/wp-json\/wp\/v2\/media?parent=999"}],"curies":[{"name":"wp","href":"https:\/\/api.w.org\/{rel}","templated":true}]}}