{"id":873,"date":"2018-01-25T08:29:04","date_gmt":"2018-01-25T07:29:04","guid":{"rendered":"http:\/\/christian-perl.at\/?page_id=873"},"modified":"2018-01-25T13:38:34","modified_gmt":"2018-01-25T12:38:34","slug":"referenzen-2","status":"publish","type":"page","link":"http:\/\/christian-perl.at\/en\/referenzen-2\/","title":{"rendered":"Credentials"},"content":{"rendered":"<h1>Credentials<\/h1>\n<h2>Auszug<\/h2>\n<hr \/>\n<h2>2017<\/h2>\n<ul>\n<li>Fachtagung \u201eHerausforderung Wohnungslosigkeit\u201c; Konzeption und Moderation im Auftrag der Stadt Graz Sozialamt und der BAWO- Bundesarbeitsgemeinschaft Wohnungslosenhilfe, Dezember 2017<br \/>\n<a href=\"http:\/\/christian-perl.at\/en\/fachtagung-herausforderung-wohnungslosigkeit\/\">\u2014 Feedback<\/a><\/li>\n<li>Projekt \u201eleistbares Wohnen f\u00fcr alle\u201c; Konzept und Moderation der Ergebnispr\u00e4sentation bei der Oesterreichische Nationalbank im November 2017 im Auftrag der BAWO \u2013 Bundesarbeitsgemeinschaft Wohnungslosenhilfe, BMASK <a href=\"http:\/\/christian-perl.at\/en\/bawo\/\" target=\"_blank\" rel=\"noopener\">\u2014 Feedback<\/a><\/li>\n<li>Fachtagung \u201eWege zum selbstbestimmten Leben\u201c; Veranstaltungskonzeption, Moderation der Steuergruppe, Moderation der Veranstaltung im Auftrag Behindertenanwaltschaft, \u00f6sterreichischer Behindertenrat, Land O\u00d6, Land Steiermark und Wien <a href=\"http:\/\/christian-perl.at\/en\/wege-zum-selbstbestimmten-leben-2017\/\">\u2014 Mehr dazu<\/a><\/li>\n<li>Workshop-Reihe bei der Oesterreichischen Nationalbank \u201eWie k\u00f6nnen wir leistbares Wohnen f\u00fcr alle jetzt erreichen?\u201c; Veranstaltungskonzept und Durchf\u00fchrung von 3 Workshops im Juni und Oktober, Pr\u00e4sentation im November 2017 im Auftrag der BAWO \u2013 Bundesarbeitsgemeinschaft Wohnungslosenhilfe und BMASK\u00a0<a href=\"http:\/\/christian-perl.at\/en\/bawo\/\" target=\"_blank\" rel=\"noopener\">\u2014 Feedback<\/a><\/li>\n<li>Tagestraining \u201eKonflikte im Wohnbau erfolgreich bearbeiten\u201c im Auftrag Alpenland Gemeinn\u00fctzige Bau \u2013 Wohn-, und Siedlungsgenossenschaft, Juni 2017<\/li>\n<li>Pro Action Caf\u00e9 \u201eWie k\u00f6nnen wir das Recht auf Wohnen f\u00fcr Wohnungslose in \u00d6sterreich jetzt erreichen?\u201c im Rahmen der BAWO Fachtagung, Mai 2017<\/li>\n<li>Tagestraining \u201eKonflikte im Wohnbau erfolgreich bearbeiten\u201c im Auftrag Verein Wohnen, April 2017\u00a0<a href=\"http:\/\/christian-perl.at\/en\/verein-wohnen\/\">&#8211; Feedback<\/a><\/li>\n<li>BAWO &#8222;Wohnungslosenerhebung &#8211; Eure Erfahrungen sind uns wichtig!&#8220; Workshop zur Wohnungslosenerhebung 2016; Konzeption und Moderation im Auftrag der BAWO &#8211; Bundesarbeitsgemeinschaft Wohnungslosenhilfe im J\u00e4nner 2017\u00a0<a href=\"http:\/\/christian-perl.at\/en\/fachtagung-herausforderung-wohnungslosigkeit\/\">\u2014 Feedback<\/a><\/li>\n<\/ul>\n<hr \/>\n<h2>2016<\/h2>\n<ul>\n<li>Externer Experte im Rahmen der von der N\u00d6 Wohnbauforschung gef\u00f6rderten Studie \u201eKonzept Netzwerk Wohnen N\u00d6\u201c; Co-Autor, Konzeption und Moderation Fokusgruppe im Auftrag der Donau Universit\u00e4t Krems und der N\u00d6 Landesregierung Abteilung Wohnungsf\u00f6rderung\u201c\u00a0<a href=\"http:\/\/christian-perl.at\/en\/donau-universitaet-krems\/\">\u2014 Feedback<\/a><\/li>\n<li>Bewohnerversammlung Hainfeld, Konflikte im Zusammenleben &#8211; Konzeption und Moderation im Auftrag Verein Wohnen und Gebau-Niobau &#8211; N\u00d6 Wohnbaugruppe\u00a0<a href=\"http:\/\/christian-perl.at\/en\/verein-wohnen\/\">&#8211; Feedback<\/a><\/li>\n<li>Konzeption und Moderation 3-t\u00e4gige Vorstandsklausur im Auftrag BAWO \u2013 Bundesarbeitsgemeinschaft Wohnungslosenhilfe<\/li>\n<li>3-Tagestraining \u201eGemeinwesenarbeit im Wohnumfeld\u201c; im Auftrag der Volkshilfe Bildungsakademie<\/li>\n<li>Fachtagung \u201eGelingendes Zusammenleben in Wohnhausanlagen\u201c; Veranstaltungskonzept und Moderation f\u00fcr Verein Wohnen anl\u00e4sslich der 10 Jahresfeier der Wohnassistenz\u00a0<a href=\"http:\/\/christian-perl.at\/en\/verein-wohnen\/\">&#8211; Feedback<\/a> \u00a0| <a href=\"https:\/\/www.vereinwohnen.at\/fachtagung\/\" target=\"_blank\" rel=\"noopener\">Was Verein Wohnen \u00fcber diese Veranstaltung sagt.<\/a><\/li>\n<li>BAWO Fachtagung 2016; Tagesmoderation 25.Mai 2016 mit Podiumsdiskussion<\/li>\n<\/ul>\n<hr \/>\n<h2>2015<\/h2>\n<ul>\n<li>Fachtagung \u201eDie Kunst der Gemeinwesenarbeit im Wohnumfeld\u201c; im Auftrag Donau Universit\u00e4t Krems, Department Migration und Globalisierung <a href=\"http:\/\/christian-perl.at\/en\/donau-universitaet-krems\/\">\u2014 Feedback<\/a><\/li>\n<li>2015: europ\u00e4ische Berichterstellung f\u00fcr Martin und Gerda Essl Sozialpreis Gemeinn\u00fctzige Privatstiftung im Rahmen des Progress Projektes Zero Project Austria 2014 (JUST\/2013\/PROG\/AG\/4963\/AD)<\/li>\n<li>FEANTSA Annual Policy Conference 2015; World Caf\u00e9 on Women\u00b4s Homelessness <a href=\"http:\/\/christian-perl.at\/en\/feantsa\/\">\u2014 Feedback<\/a><\/li>\n<li>Country Expert Austria im Auftrag der European Expert Group on the Transition from Institutional to Community-based Care (EEG); Erstellung eines L\u00e4nderberichtes<br \/>\n<hr \/>\n<\/li>\n<\/ul>\n<h2>2014<\/h2>\n<ul>\n<li>Projekt <a href=\"https:\/\/www.donau-uni.ac.at\/imperia\/md\/content\/department\/migrationglobalisierung\/forschung\/endbericht_wohnen-und-zusammenleben.pdf\" target=\"_blank\" rel=\"noopener\">\u201eWohnen und Zusammenleben in Wiener Neustadt\u201c<\/a>\u00a0;Entwicklung, Koordinierung und Durchf\u00fchrung eines Gemeinwesenprojektes im Auftrag der Stadt Wiener Neustadt MA 6 und der Donau Universit\u00e4t Krems, Analyse, Entwicklung und Durchf\u00fchrung von Partizipationsstrategien, BewohnerInnenversammlungen, Berichterstellung <a href=\"http:\/\/christian-perl.at\/en\/donau-universitaet-krems\/\">\u2014 Feedback<\/a><\/li>\n<li>\u201c<a href=\"http:\/\/www.donau-uni.ac.at\/imperia\/md\/content\/department\/migrationglobalisierung\/forschung\/schriftenreihe\/sozialraumanalyse-2014.pdf\" target=\"_blank\" rel=\"noopener\">Sozialraumanalyse<\/a> \u2013 Konzepte und Empfehlungen zur Umsetzung von Integration in N\u00d6\u201d;\u00a0 Studie im Auftrag des Amts der Nieder\u00f6sterreichischen Landesregierung, N\u00d6 Wohnbauf\u00f6rderung &#8211; Wohnbauforschung; externer Experte, Co-Autor, Fokusgruppe und Fachtagungsmoderation f\u00fcr Donau Universit\u00e4t Krems,<\/li>\n<li>\u00d6sterreichkoordinator und nationaler Experte im Rahmen des transnationalen EU Projektes PESSIS II, Fokusgruppe und Round Table f\u00fcr Europ\u00e4ische Kommission DG EMPL, Volkshilfe \u00d6sterreich, EASPD, FEANTSA u.a. (VP\/2013\/001\/0031), <a href=\"http:\/\/www.socialserviceseurope.eu\/#!pessis-ii\/c1uxz\" target=\"_blank\" rel=\"noopener\">http:\/\/www.socialserviceseurope.eu\/#!pessis-ii\/c1uxz<\/a><\/li>\n<li>\u201cFinancial and social policy aspects of housing\u201d; Workshop im Rahmen der EASPD Oslo Conference \u201cA Home for All\u201d Housing and Services for People with Support Needs, 9 &#8211; 10 October 2014<\/li>\n<\/ul>\n<hr \/>\n<h2>2013<\/h2>\n<ul>\n<li>Antragstellung und Koordinierung des EU Projektes \u201eWohnbau Barrierefrei\u201c; Veranstaltungsorganisationen im Rahmen des Projektes f\u00fcr Europ\u00e4ische Kommission GD JUST, Wien Work, \u00d6AR, BMASK u.a.; JUST\/2012\/PROG\/AG\/3705;<\/li>\n<li>Mitarbeit bei der Entwicklung eines Postgraduate Lehrgangs \u201eMigrationssensibles Wohnmanagement\u201c f\u00fcr die Donau Universit\u00e4t Krems, Mitglied des Lehrgangsbeirates,\u00a0 <a href=\"http:\/\/www.donau-uni.ac.at\/de\/studium\/migrationssensibles-wohnmanagement\/\" target=\"_blank\" rel=\"noopener\">http:\/\/www.donau-uni.ac.at\/de\/studium\/migrationssensibles-wohnmanagement\/<\/a><\/li>\n<\/ul>\n<hr \/>\n<h2>2011\/2012<\/h2>\n<ul>\n<li>Nationaler Koordinator und Experte f\u00fcr das transnationale EU-Projekt PESSIS: Promoting Employers\u2019 Social Services In Social Dialogue; f\u00fcr Europ\u00e4ische Kommission GD EMPL, BAWO \u2013 Bundesarbeitsgemeinschaft Wohnungslosenhilfe, EASPD u.a., Autor des \u00d6sterreichberichtes, Moderation von Fokusgruppen; \u00a0<a href=\"http:\/\/www.socialserviceseurope.eu\/#!pessis-\/c7pr\" target=\"_blank\" rel=\"noopener\">http:\/\/www.socialserviceseurope.eu\/#!pessis-\/c7pr<\/a><\/li>\n<li>2011\/2012: Antragstellung und Koordination des EU Projektes \u201eEquality in Housing\u201c f\u00fcr Europ\u00e4ische Kommission GD EMPL, Volkshilfe \u00d6sterreich; BAWO, BMASK u.a.\u00a0 (VS\/2010\/0565 (SI2.574665)) <a href=\"http:\/\/www.bawo.at\/de\/content\/aktuelles\/projekte\/equality-in-housing-gleichbehandlung-am-wohnungsmarkt.html\" target=\"_blank\" rel=\"noopener\">http:\/\/www.bawo.at\/de\/content\/aktuelles\/projekte\/equality-in-housing-gleichbehandlung-am-wohnungsmarkt.html<\/a><\/li>\n<\/ul>\n<hr \/>\n<h1>2007 \u2013 2011<\/h1>\n<ul>\n<li>Antragstellung und Koordinierung des EU Projektes \u201eAURORA+ Neue Wege aus der Armut\u201c f\u00fcr Europ\u00e4ische Kommission GD EMPL, Volkshilfe \u00d6sterreich, BMASK u.a. (VS\/2008\/0583)<\/li>\n<li>Antragstellung und Koordinierung des EU Projektes \u201eAURORA! Gemeinsam gegen Armut\u201c f\u00fcr Europ\u00e4ische Kommission GD EMPL, Volkshilfe \u00d6sterreich, BMASK u.a. (VP\/2008\/015\/144);<\/li>\n<\/ul>\n<hr \/>\n<h2>1997 \u2014 2006<\/h2>\n<ul>\n<li>Aufbau und Leitung der Wohndrehscheibe der Volkshilfe \u00d6sterreich, Gemeinwesen- und Besiedlungsprojekte, 1998 Wohnbauforschungsprojekt zur Situation von MigrantInnen am Wiener Wohnungsmarkt; <a href=\"http:\/\/www.volkshilfe-wien.at\/wohndrehscheibe\" target=\"_blank\" rel=\"noopener\">http:\/\/www.volkshilfe-wien.at\/wohndrehscheibe\u00a0<\/a><\/li>\n<li>1997 \u2013 1999: Leitung des betreuten Wohn- und Integrationsprojektes \u201eDobro Dosli\u201c, Volks<\/li>\n<\/ul>\n<hr \/>\n<h2>1996<\/h2>\n<ul>\n<li>UNHCR Beauftragter f\u00fcr bosnische Kriegsfl\u00fcchtlinge in Zentraleuropa<\/li>\n<\/ul>\n<hr \/>\n<h1>Publikationen<\/h1>\n<h2>Auszug<\/h2>\n<p>Berger T. Perl C. Biffl G. (2017): Konzept Netzwerk Wohnen: Entwicklung eines Konzepts koordionierter Unterst\u00fctzungsstrukturen f\u00fcr Einzugsbegleitung in Neubau und Bestand, Konfliktmediation und -pr\u00e4vention sowie Gemeinwesenarbeit in N\u00d6 Wohnhausanlagen zur Umsetzung von Integration in Nieder\u00f6sterreich, Donau\u2010Universit\u00e4t Krems Department Migration und Globalisierung. Available from <a href=\"https:\/\/www.donau-uni.ac.at\/imperia\/md\/content\/department\/migrationglobalisierung\/forschung\/netzwerk_wohnen_endbericht.pdf\" target=\"_blank\" rel=\"noopener\">https:\/\/www.donau-uni.ac.at\/imperia\/md\/content\/department\/migrationglobalisierung\/forschung\/netzwerk_wohnen_endbericht.pdf<\/a><\/p>\n<p>Perl C. (2017): Wie k\u00f6nnen wir das Recht auf Wohnen f\u00fcr Wohnungslose in \u00d6sterreich jetzt erreichen? in bawo news 01\/2017.<\/p>\n<p>Berger T. Czerny M. Faustmann A. Perl C. Stattmann S. (2014): Wohnen und Zusammenleben Gestalten in Wiener Neustadt: Studie im Auftrag der Stadt Wiener Neustadt, Donau\u2010Universit\u00e4t Krems Department Migration und Globalisierung. Available from <a href=\"https:\/\/www.donau-uni.ac.at\/imperia\/md\/content\/department\/migrationglobalisierung\/forschung\/endbericht_wohnen-und-zusammenleben.pdf\" target=\"_blank\" rel=\"noopener\">https:\/\/www.donau-uni.ac.at\/imperia\/md\/content\/department\/migrationglobalisierung\/forschung\/endbericht_wohnen-und-zusammenleben.pdf<\/a><\/p>\n<p>Berger T. Czerny M. Faustmann A. Perl C. (2014): Sozialraumanalyse: Konzepte und Empfehlungen zur Umsetzung von Integration in Nieder\u00f6sterreich, Donau-Universit\u00e4t Krems Department Migration und Globalisierung. Available from <a href=\"https:\/\/www.donau-uni.ac.at\/imperia\/md\/content\/department\/migrationglobalisierung\/forschung\/schriftenreihe\/sozialraumanalyse-2014.pdf\">http:\/\/www.donau-uni.ac.at\/de\/department\/migrationglobalisierung\/forschung\/sozialraumanalyse\/index.php<\/a><\/p>\n<p>Perl C. (2013): Neues EU-Projekt: \u201eWohnbau Barrierefrei\u201c in Sonderausgabe der \u00f6sterreichischen Bauzeitung \u201eBauinnung Spezial\u201c Themenschwerpunkt Bauforschung 1\/2013, S. 34.<\/p>\n<p>Perl C. (2012): Chancengleichheit bei der Wohnungsvergabe \u2013 Ein Workshop, in Biffl G. R\u00f6ssl L. (Hrsg) Migration und Integration 3 \u2013 Dialog zwischen Politik, Wissenschaft und Praxis, omnium Verlag, Bad V\u00f6slau.<\/p>\n<p>Perl C. (2012): PROJECT PESSIS: Promoting Employers\u2019 Social Services Organisations In Social Dialogue &#8211; National Report Austria, BAWO &#8211; Bundesarbeitsgemeinschaft Wohnungslosenhilfe, Wien.<\/p>\n<p>Perl C. Frey V. et.al. (2011): Equality in Housing Good Practice Guide, Volkshilfe \u00d6sterreich, Wien.<\/p>\n<p>Feigelfeld H.\/ Perl C. et.al. (2010): AURORA plus Neue Wege aus der Armut, Bericht Volkshilfe \u00d6sterreich, Wien.<\/p>\n<p>Perl C. (2010) Equality in Public and Social Housing Allocation in Europe, in Homelessness and Migration in Europe \u2013 finding responses Summer 2010, p. 19-20.<\/p>\n<p>Perl C. (2009) Housing First \u2013 ein neuer Weg aus der Armut in \u00d6sterreichische Gemeindezeitung 11\/2009, S. 11-12.<\/p>\n<p>Feigelfeld H. Perl C. et.al. (2008) AURORA Gemeinsam gegen Armut, Bericht, Volkshilfe \u00d6sterreich, Wien.<\/p>\n<p>Perl C. Zuschnig B. et.al. (2008) Austria &#8211; National Report 2008 People who are homeless can be housed; FEANTSA, Brussels.<\/p>\n<p>Perl, C. et al. (2007) Austrian National Report 2007, \u201cMultiple barriers, multiple solutions: Inclusion into and through employment for people who are homeless in Europe\u201d FEANTSA, Brussels.<\/p>\n<p>Perl C. Schoibl H. Zuschnig B. (2006) The Right to Health is a Human Right: Ensuring Access to Health for Homeless People Austria &#8211; National Report 2006, FEANTSA, Brussels.<\/p>\n<hr \/>\n<h1>Auszeichnungen<\/h1>\n<p>Dobro Dosli und die Wohndrehscheibe wurden mehrmals auf internationaler Ebene als Good und Best Practice Projekte ausgezeichnet u.a.:<\/p>\n<ul>\n<li>\u00a02004 wurde die Wohndrehscheibe von UN Habitat als Best Practice ausgezeichnet <a href=\"http:\/\/www.bestpractices.at\/main.php?page=vienna\/best_practices\/housing\/housing_information_system&amp;lang=de\" target=\"_blank\" rel=\"noopener\">http:\/\/www.bestpractices.at\/main.php?page=vienna\/best_practices\/housing\/housing_information_system&amp;lang=de<\/a><\/li>\n<li>die Wohndrehscheibe wurde von SOLIDAR \u201eThe Status Quo is Not Enough! The Guide to Good Practice for a non-discriminatory access to services provided by NGOs\u201c erw\u00e4hnt<\/li>\n<\/ul>\n<hr \/>\n<h1>Interessensvertretung<\/h1>\n<ul>\n<li>Seit 2015 Vorsitzender der Bundesarbeitsgemeinschaft Sozialraumentwicklung, www.sozialraumentwicklung.at<\/li>\n<li>Seit 2004 \u00d6sterreich-Vertreter im European Network of Organisations Working with the Homeless, FEANTSA \u2013 <a href=\"http:\/\/www.feantsa.org\" target=\"_blank\" rel=\"noopener\">http:\/\/www.feantsa.org<\/a>; zahlreiche Stellungnahmen und Interessensvertretungen bei der EK und dem Europ\u00e4ischen Parlament, Veranstaltungsorganisation und Moderation Europ\u00e4ischer Tagungen<\/li>\n<li>Seit 2002 Vorstandsmitglied der BAWO &#8211; Bundesarbeitsgemeinschaft Wohnungslosenhilfe, <a href=\"http:\/\/www.bawo.at\" target=\"_blank\" rel=\"noopener\">http:\/\/www.bawo.at<\/a>, Projektentwicklung, Stellungnahmen und Interessensvertretung in zahlreichen Gremien, Veranstaltungsorganisation und Moderation<\/li>\n<\/ul>","protected":false},"excerpt":{"rendered":"<p>Referenzen Auszug 2017 Fachtagung \u201eHerausforderung Wohnungslosigkeit\u201c; Konzeption und Moderation im Auftrag der Stadt Graz Sozialamt und der BAWO- Bundesarbeitsgemeinschaft Wohnungslosenhilfe, Dezember 2017 \u2014 Feedback Projekt \u201eleistbares Wohnen f\u00fcr alle\u201c; Konzept und Moderation der Ergebnispr\u00e4sentation bei der Oesterreichische Nationalbank im November 2017 im Auftrag der BAWO \u2013 Bundesarbeitsgemeinschaft Wohnungslosenhilfe, BMASK \u2014 Feedback Fachtagung \u201eWege zum selbstbestimmten [&hellip;]<\/p>","protected":false},"author":1,"featured_media":824,"parent":0,"menu_order":0,"comment_status":"closed","ping_status":"closed","template":"","meta":[],"_links":{"self":[{"href":"http:\/\/christian-perl.at\/en\/wp-json\/wp\/v2\/pages\/873"}],"collection":[{"href":"http:\/\/christian-perl.at\/en\/wp-json\/wp\/v2\/pages"}],"about":[{"href":"http:\/\/christian-perl.at\/en\/wp-json\/wp\/v2\/types\/page"}],"author":[{"embeddable":true,"href":"http:\/\/christian-perl.at\/en\/wp-json\/wp\/v2\/users\/1"}],"replies":[{"embeddable":true,"href":"http:\/\/christian-perl.at\/en\/wp-json\/wp\/v2\/comments?post=873"}],"version-history":[{"count":4,"href":"http:\/\/christian-perl.at\/en\/wp-json\/wp\/v2\/pages\/873\/revisions"}],"predecessor-version":[{"id":930,"href":"http:\/\/christian-perl.at\/en\/wp-json\/wp\/v2\/pages\/873\/revisions\/930"}],"wp:featuredmedia":[{"embeddable":true,"href":"http:\/\/christian-perl.at\/en\/wp-json\/wp\/v2\/media\/824"}],"wp:attachment":[{"href":"http:\/\/christian-perl.at\/en\/wp-json\/wp\/v2\/media?parent=873"}],"curies":[{"name":"wp","href":"https:\/\/api.w.org\/{rel}","templated":true}]}}