{"id":73,"date":"2017-11-26T11:54:17","date_gmt":"2017-11-26T10:54:17","guid":{"rendered":"http:\/\/christian-perl.at\/?page_id=73"},"modified":"2023-02-20T09:44:30","modified_gmt":"2023-02-20T08:44:30","slug":"home-3","status":"publish","type":"page","link":"http:\/\/christian-perl.at\/en\/","title":{"rendered":"lebendige, partizipative Moderationen, Veranstaltungen und Moderationstrainings"},"content":{"rendered":"<h1>Welcome!<\/h1>\n<p><!--more--><\/p>\n<p>My name is Christian Pearl. I design and moderate lively, effective events, workshops and trainings. My particular passions are participative event design, dialogue and moderation of large groups.<\/p>\n<p>Ich arbeite mit NGOs, \u00f6ffentlichen Verwaltungen und Unternehmen.<br \/>\nAlle meine Moderationen biete ich auch Online an.<\/p>\n<hr \/>\n<h2>Was mir wichtig ist:<\/h2>\n<p>Ich berate und begleite Menschen und Organisationen dabei, ihre spezifischen Herausforderungen geeignet zu bew\u00e4ltigen. Gerne konzipiere ich gemeinsam mit Ihnen Ihre individuelles Veranstaltungs- und Besprechungskonzept.<\/p>\n<p>Bei meinen Veranstaltungsdesigns und Moderationen interessiert mich vor allem, wie unterschiedlichste Menschen und Organisationen gemeinsam Neues und Relevantes denken und schaffen k\u00f6nnen. Dabei ist mir wichtig, dass alle Teilnehmenden beteiligt sind und zu Wort kommen k\u00f6nnen. Nachhaltige L\u00f6sungen sind vor allem dann m\u00f6glich, wenn sie von allen getragen werden k\u00f6nnen. Nicht die Macht der Schnelleren und St\u00e4rkeren entscheidet, sondern alle Teilnehmenden werden als gleichwertig und \u2013 w\u00fcrdig gesehen.<\/p>\n<hr \/>\n<h2>Die Schwerpunkte meiner Arbeit sind:<\/h2>\n<ul>\n<li><a href=\"http:\/\/christian-perl.at\/en\/dialogkreis\/\" target=\"_blank\" rel=\"noopener\">dialogische Gespr\u00e4chskultur<\/a> f\u00fcr Teams, Gemeinschaften und Organisationen<\/li>\n<li>wirkungsvolle <a href=\"http:\/\/christian-perl.at\/en\/meetings-und-workshops\/\">Meetings<\/a><\/li>\n<li>lebendige, partizipative <a href=\"https:\/\/christian-perl.at\/en\/fachtagungen\/\" target=\"_blank\" rel=\"noopener\">Fachtagungen, Konferenzen und Gro\u00dfgruppenveranstaltungen<\/a><\/li>\n<li>wirkungsvolle <a href=\"http:\/\/christian-perl.at\/en\/trainings-2-2\/\" target=\"_blank\" rel=\"noopener\">Moderations- und Kommunikationsschulungen<\/a><\/li>\n<li>Stadtteil- und <a href=\"https:\/\/fgoe.org\/projekt\/wohnen-und-zusammenleben-wiener-neustadt-gemeinsam-gesund-im-porscheviertel\" target=\"_blank\" rel=\"noopener\">Siedlungsarbeit im Wohnbereich<\/a><\/li>\n<li>Wohnbauforschung: <a href=\"https:\/\/door.donau-uni.ac.at\/view\/o:146\" target=\"_blank\" rel=\"noopener\">Migration und Sozialraumorientierung<\/a><\/li>\n<li>Design und Moderation von Co-Creating Events<\/li>\n<\/ul>","protected":false},"excerpt":{"rendered":"<p>Welcome!<\/p>","protected":false},"author":1,"featured_media":784,"parent":0,"menu_order":0,"comment_status":"closed","ping_status":"closed","template":"","meta":[],"_links":{"self":[{"href":"http:\/\/christian-perl.at\/en\/wp-json\/wp\/v2\/pages\/73"}],"collection":[{"href":"http:\/\/christian-perl.at\/en\/wp-json\/wp\/v2\/pages"}],"about":[{"href":"http:\/\/christian-perl.at\/en\/wp-json\/wp\/v2\/types\/page"}],"author":[{"embeddable":true,"href":"http:\/\/christian-perl.at\/en\/wp-json\/wp\/v2\/users\/1"}],"replies":[{"embeddable":true,"href":"http:\/\/christian-perl.at\/en\/wp-json\/wp\/v2\/comments?post=73"}],"version-history":[{"count":144,"href":"http:\/\/christian-perl.at\/en\/wp-json\/wp\/v2\/pages\/73\/revisions"}],"predecessor-version":[{"id":3208,"href":"http:\/\/christian-perl.at\/en\/wp-json\/wp\/v2\/pages\/73\/revisions\/3208"}],"wp:featuredmedia":[{"embeddable":true,"href":"http:\/\/christian-perl.at\/en\/wp-json\/wp\/v2\/media\/784"}],"wp:attachment":[{"href":"http:\/\/christian-perl.at\/en\/wp-json\/wp\/v2\/media?parent=73"}],"curies":[{"name":"wp","href":"https:\/\/api.w.org\/{rel}","templated":true}]}}