{"id":552,"date":"2018-01-06T17:28:27","date_gmt":"2018-01-06T16:28:27","guid":{"rendered":"http:\/\/christian-perl.at\/?page_id=552"},"modified":"2021-09-03T16:59:26","modified_gmt":"2021-09-03T14:59:26","slug":"collective-story-harvesting-2","status":"publish","type":"page","link":"http:\/\/christian-perl.at\/en\/collective-story-harvesting-2\/","title":{"rendered":"Storytelling &#038; Story Harvesting"},"content":{"rendered":"<h1>Collective Story Harvesting \u2013 gemeinsam Lernen von Geschichten guter Praxis<\/h1>\n<p>Seit vielen Jahrhunderten erz\u00e4hlen Menschen einander ihre Geschichten, Erfahrungen und Abenteuer. In diese Geschichten verpacken die Menschen ihre Erlebnisse, Fakten, Emotionen vor allem aber auch ihre Lernerfahrungen. Geschichten aus der Praxis k\u00f6nnen komplexe Sachverhalte oft besser wiedergeben, als dies n\u00fcchterne Beschreibungen und wissenschaftliche Analysen verm\u00f6gen. Wir finden uns in den Geschichten wieder, sie regen uns zum Austausch und zum gemeinsamen Lernen an.<\/p>\n<p>All dies macht sich die Methode des \u201eCollective Story Harvesting\u201c zu Gute. Wir laden Personen, die etwas erlebt oder erreicht haben, ein, im Rahmen einer Konferenz, eines Workshops, einer Klausur ihre Geschichte zu erz\u00e4hlen. Diese Geschichten sollen von einem systemischen Wandel erz\u00e4hlen, einen Durchbruch oder eine gro\u00dfe Lernerfahrung in sich bergen. Sie m\u00fcssen nicht zwingend erfolgreich sein. Ideal ist ein Handlungsstrang der genug Komplexit\u00e4t, Tiefe und L\u00e4nge hat, um f\u00fcr die Zuh\u00f6renden interessant zu sein. Die Diversit\u00e4t der Teilnehmenden sollte sich in den Geschichten widerspiegeln.<\/p>\n<p>Gemeinsam mit den Auftraggebenden werden im Vorfeld der Veranstaltung Gesichtspunkte und Fragen an die Teilnehmenden \u00fcberlegt, nach denen diese die Geschichten durchleuchten und ernten k\u00f6nnen. Eine dieser Fragen k\u00f6nnte etwa sein: \u201eWelche Interventionen, Prozesse Anwendungen und Entdeckungen fallen Dir auf?\u201c oder auch: \u201eWann ereignet sich ein Durchbruch und was k\u00f6nnen wir daraus lernen?<\/p>\n<p>Die Untergruppen pr\u00e4sentieren ihre Erkenntnisse im Plenum. Gemeinsam kann nun auf einer Metaebene nach einer gemeinsamen Essenz gesucht werden.<\/p>\n<hr \/>\n<h2>aktuelles Angebot: Online Seminar Special<\/h2>\n<h1>Collective Story Harvesting &#8211; gemeinsam lernen aus Geschichten guter Praxis<\/h1>\n<p data-wahfont=\"17\"><strong>Online Moderationsworkshop am 13. Oktober 2021 auf Zoom Professional;<br \/>\n<\/strong>Mittwoch von 09:30 bis 16:30 Uhr<strong><br \/>\n<\/strong><\/p>\n<p data-wahfont=\"17\"><strong>Kosten:<\/strong> EUR 275,\u2014 (+ 20% Ust.)<br \/>\n<strong>Early Bird<\/strong> <strong>bis 10. September 2021: EUR 240,\u2014 (+ 20% Ust.)<\/strong><\/p>\n<p data-wahfont=\"17\">Anfragen und Anmeldungen unter: <a href=\"\/en\/&\/#x6d;&#97;&#x69;&#x6c;&#116;&#x6f;&#58;o&#x66;&#102;i&#x63;&#101;&#64;&#x63;&#104;r&#x69;&#115;&#x74;&#x69;&#97;&#x6e;&#x2d;&#112;&#x65;&#114;l&#x2e;&#97;t\" data-wahfont=\"17\">&#111;f&#102;i&#99;e&#x40;c&#x68;r&#x69;s&#x74;i&#x61;n&#x2d;p&#x65;r&#x6c;&#46;&#x61;t<\/a><\/p>\n<p data-wahfont=\"17\"><div id=\"accordions-2297\" class=\"accordions-2297 accordions\">\r\n                <div id=\"accordions-lazy-2297\" class=\"accordions-lazy\">\r\n                    <\/div>\r\n        <script>\r\n            (function($) {\r\n                $(window).on(\"load\", function() {\r\n                    $('#accordions-lazy-2297').fadeOut();\r\n                    $('#accordions-2297 .items').fadeIn();\r\n                })\r\n            })(jQuery);\r\n        <\/script><style type='text\/css'>\r\n        @media only screen and (min-width: 1024px) {\r\n            #accordions-2297 {\r\n                width: 100%;\r\n                            }\r\n        }\r\n\r\n        @media only screen and (min-width: 768px) and (max-width: 1023px) {\r\n            #accordions-2297 {\r\n                width: 100%;\r\n                            }\r\n        }\r\n\r\n        @media only screen and (min-width: 0px) and (max-width: 767px) {\r\n            #accordions-2297 {\r\n                width: 100%;\r\n                            }\r\n        }\r\n\r\n        #accordions-2297 .items {\r\n            display: none;\r\n        }\r\n\r\n        #accordions-2297 .accordions-lazy {\r\n            text-align: center;\r\n            position: absolute;\r\n            top: 50%;\r\n            left: 50%;\r\n            transform: translate(-50%, -50%);\r\n        }\r\n\r\n        #accordions-2297 {\r\n            text-align: left;\r\n            background: #ffffff url() repeat scroll 0 0;\r\n            position: relative;\r\n        }\r\n\r\n        #accordions-2297 .accordions-head {\r\n            background: #70b0ff none repeat scroll 0 0;\r\n            outline: none;\r\n        }\r\n\r\n        #accordions-2297 .accordions-head-title {\r\n            color: #ffffff;\r\n            font-size: 17px;\r\n                    }\r\n\r\n        #accordions-2297 .accordions-head-title-toggle {\r\n            color: #ffffff;\r\n            font-size: 17px;\r\n                    }\r\n\r\n        #accordions-2297 .accordions-head:hover .accordions-head-title {\r\n            color: #ffffff;\r\n                    }\r\n\r\n        #accordions-2297 .ui-state-active {\r\n            background: #4b8fe3;\r\n            border: none;\r\n        }\r\n\r\n        #accordions-2297 .accordion-content {\r\n            background: #ffffff none repeat scroll 0 0;\r\n            color: #333333;\r\n            font-size: 17px;\r\n            border: none;\r\n        }\r\n\r\n        #accordions-2297 .accordion-icons {\r\n            color: #565656;\r\n            font-size: 17px;\r\n                    }\r\n\r\n        #accordions-2297 .accordions-head:hover .accordion-icons span {\r\n                    }\r\n\r\n        #accordions-2297{font-family: 'Georgia', serif !important; font-size: 100% !important; color: #111 !important;}\r\n#accordions-2297 .accordions-head{font-family: 'Georgia', serif !important; font-size: 100% !important; color: #111 !important;}\r\n#accordions-2297 .accordion-content{font-family: 'Georgia', serif !important; font-size: 100% !important; color: #11 !important1;}\r\n    <\/style>\r\n<div class=\"items\">\r\n            <p>Content missing<\/p>\r\n    <\/div>\r\n    <script>\r\n        (function($) {\r\n\r\n            $(document).ready(function() {\r\n                accordions_active_index_2297 = [];\r\n                        })\r\n        })(jQuery);\r\n    <\/script>    <script>\r\n        (function($) {\r\n            $(document).ready(function() {\r\n                accordion_2297 = $(\"#accordions-2297 .items\").accordion({\r\n                    event: \"click\",\r\n                    collapsible: true,\r\n                    heightStyle: \"content\",\r\n                    animate: (\"swing\", 1000),\r\n                    navigation: true,\r\n                    active: 999,\r\n                    beforeActivate: function(event, ui) {\r\n\r\nif(ui.newHeader[0] != undefined){\r\nvar disabled = ui.newHeader[0].getAttribute('disabled');\r\n\r\nconsole.log(disabled);\r\nif(disabled == 'disabled'){\r\nevent.preventDefault();\r\n}\r\n    \r\n\r\n\r\n}\r\n\r\n},\r\n                });\r\n            })\r\n        })(jQuery);\r\n    <\/script>\r\n                <\/div><\/p>\n<h1><\/h1>\n<hr \/>\n<h1>Was ist wichtig?<\/h1>\n<ul>\n<li>Auch bei dieser Methode ist die genaue Vorbereitung gemeinsam mit den Auftraggebenden von entscheidender Bedeutung: Was soll geerntet werden? Was soll nach dem Prozess mit den Ergebnissen passieren?<\/li>\n<li>gemeinsame Auswahl der Gesichtspunkte und Fragen, die in den Gesamtablauf passen,<\/li>\n<li>genaue Strukturierung und Vorbereitung der Untergruppen,<\/li>\n<li>Planung und Moderation des \u201eMetaharvestings\u201c zur Ergebnissicherung<\/li>\n<\/ul>\n<hr \/>\n<p>Quelle: SPES Zukunftsakademie (2014) Art of Hosting &#8211; Handbuch zum Training 23.-25. Juni 2014. Schlierbach, SPES GmbH.,\u00a0S. 70-77.<\/p>","protected":false},"excerpt":{"rendered":"<p>Collective Story Harvesting \u2013 gemeinsam Lernen von Geschichten guter Praxis Seit vielen Jahrhunderten erz\u00e4hlen Menschen einander ihre Geschichten, Erfahrungen und Abenteuer. In diese Geschichten verpacken die Menschen ihre Erlebnisse, Fakten, Emotionen vor allem aber auch ihre Lernerfahrungen. Geschichten aus der Praxis k\u00f6nnen komplexe Sachverhalte oft besser wiedergeben, als dies n\u00fcchterne Beschreibungen und wissenschaftliche Analysen verm\u00f6gen. [&hellip;]<\/p>","protected":false},"author":1,"featured_media":0,"parent":0,"menu_order":0,"comment_status":"closed","ping_status":"closed","template":"","meta":[],"_links":{"self":[{"href":"http:\/\/christian-perl.at\/en\/wp-json\/wp\/v2\/pages\/552"}],"collection":[{"href":"http:\/\/christian-perl.at\/en\/wp-json\/wp\/v2\/pages"}],"about":[{"href":"http:\/\/christian-perl.at\/en\/wp-json\/wp\/v2\/types\/page"}],"author":[{"embeddable":true,"href":"http:\/\/christian-perl.at\/en\/wp-json\/wp\/v2\/users\/1"}],"replies":[{"embeddable":true,"href":"http:\/\/christian-perl.at\/en\/wp-json\/wp\/v2\/comments?post=552"}],"version-history":[{"count":16,"href":"http:\/\/christian-perl.at\/en\/wp-json\/wp\/v2\/pages\/552\/revisions"}],"predecessor-version":[{"id":2313,"href":"http:\/\/christian-perl.at\/en\/wp-json\/wp\/v2\/pages\/552\/revisions\/2313"}],"wp:attachment":[{"href":"http:\/\/christian-perl.at\/en\/wp-json\/wp\/v2\/media?parent=552"}],"curies":[{"name":"wp","href":"https:\/\/api.w.org\/{rel}","templated":true}]}}