{"id":338,"date":"2017-12-18T11:12:14","date_gmt":"2017-12-18T10:12:14","guid":{"rendered":"http:\/\/christian-perl.at\/?page_id=338"},"modified":"2024-01-03T09:48:50","modified_gmt":"2024-01-03T08:48:50","slug":"vita","status":"publish","type":"page","link":"http:\/\/christian-perl.at\/en\/vita\/","title":{"rendered":"Vita"},"content":{"rendered":"<h1>Vita<\/h1>\n\n\n\n<p>Lawyer with additional training in mediation, fundraising and facilitation\nBusiness licences for event management and as a public relations consultant<br>Gewerberechtigungen als PR-Berater und Eventmanager.<\/p>\n\n\n\n<p><\/p>\n\n\n\n<figure class=\"wp-block-image size-full\"><a data-size=\"630x420\" href=\"https:\/\/christian-perl.at\/wp-content\/uploads\/2017\/12\/selbstbestimmt_10.jpg\"><img loading=\"lazy\" width=\"630\" height=\"420\" src=\"https:\/\/christian-perl.at\/wp-content\/uploads\/2017\/12\/selbstbestimmt_10.jpg\" alt=\"\" class=\"wp-image-261\" srcset=\"https:\/\/christian-perl.at\/wp-content\/uploads\/2017\/12\/selbstbestimmt_10.jpg 630w, https:\/\/christian-perl.at\/wp-content\/uploads\/2017\/12\/selbstbestimmt_10-300x200.jpg 300w\" sizes=\"(max-width: 630px) 100vw, 630px\" \/><\/a><\/figure>\n\n\n\n<p>Veranstaltungsmanager, Moderator und Moderationstrainer<\/p>\n\n\n\n<p>seit 2020: zahlreiche Online Moderationen und Moderationstrainings<\/p>\n\n\n\n<p>seit 2016: Konflikt-, Kommunikations- und Moderationstrainings<\/p>\n\n\n\n<p>2012-2016 Forschungs- und Umsetzungsprojekte im Themenbereich Migration, soziale Inklusion und Wohnen gemeinsam mit dem Department f\u00fcr Migration und Globalisierung an der Donau-Universit\u00e4t Krems: Wohnbauforschungsprojekte, Organisation und Moderation von Fachtagungen, Fokusgruppen und Trainings<\/p>\n\n\n\n<p>2007 &#8211; 2016: erfolgreiche Antragstellung und Koordinierung mehrerer EU-Projekte f\u00fcr \u00f6sterreichische soziale Organisationen; im Auftrag des Sozialministeriums und der Europ\u00e4ischen Kommission (AURORA. Gemeinsam gegen Armut; AURORA + Neue Wege aus der Armut; Equality in Housing; Wohnbau barrierefrei; PESSIS I und II)<\/p>\n\n\n\n<p>seit 2006: freiberufliche T\u00e4tigkeit als Entwickler und Koordinator von EU Projekten, Veranstaltungsmanager, Moderator und Moderationstrainer<\/p>\n\n\n\n<p>2004: Auszeichnung der Wohndrehscheibe als Best Practice durch UN Habitat<\/p>\n\n\n\n<p>1997 bis 2006: Leitung mehrerer sozialer Projekte und Einrichtungen f\u00fcr die Volkshilfe \u00d6sterreich; unter anderem ein gro\u00dfes Wohn-Integrationsprojekt f\u00fcr bosnische Kriegsfl\u00fcchtlinge in Wien, ein Wohnbauforschungsprojekt, mehrere Equal-Projekte sowie Aufbau und Leitung der Wohndrehscheibe, einer sozialen Beratungsstelle f\u00fcr einkommensschwache Wohnungssuchende in Wien. Die Wohndrehscheibe ist heute noch als Institution erfolgreich in der Wohnberatung t\u00e4tig<\/p>\n\n\n\n<p>1996: f\u00fcr das UN- Fl\u00fcchlingshochkommissariat UNHCR als Liaison Officer f\u00fcr Schutz und Repatriierung der bosnischen Kriegsfl\u00fcchtlinge in Zentraleuropa verantwortlich<\/p>\n\n\n\n<p>1993 &#8211; 1996: Jurist und Sozialberater bei Caritas Wien<\/p>\n\n\n\n<h2>Vorstandst\u00e4tigkeiten<\/h2>\n\n\n\n<p>2002-2021 Vorstandsmitglied der Bundesarbeitsgemeinschaft Wohnungslosenhilfe \u2013 <a href=\"http:\/\/bawo.at\" target=\"_blank\" rel=\"noreferrer noopener\">BAWO<\/a>, zahlreiche Veranstaltungsorganisationen und Moderationen<\/p>\n\n\n\n<p>2004-2018: \u00d6sterreichvertreter in der europ\u00e4ischen Dachorganisation der Wohnungslosenhilfe <a href=\"http:\/\/www.feantsa.org\" target=\"_blank\" rel=\"noreferrer noopener\">FEANTSA<\/a>; zahlreiche Veranstaltungsorganisationen und Moderationen im europ\u00e4ischen Kontext; \u00d6sterreichberichte zu Themen der sozialen Inklusion<\/p>\n\n\n\n<h2>Sonstiges<\/h2>\n\n\n\n<p>3. Dan Karate (Shitoryu Shukokai Karatedo), Salsa und Yoga; <br>seit 2022 Karatetrainings f\u00fcr Kinder (<a href=\"https:\/\/karate-geiger.de\/\">Karate Geiger<\/a>)<\/p>","protected":false},"excerpt":{"rendered":"<p>Vita Jurist mit Zusatzausbildungen in Mediation, Fundraising und Moderation.Gewerberechtigungen als PR-Berater und Eventmanager. Veranstaltungsmanager, Moderator und Moderationstrainer seit 2020: zahlreiche Online Moderationen und Moderationstrainings seit 2016: Konflikt-, Kommunikations- und Moderationstrainings 2012-2016 Forschungs- und Umsetzungsprojekte im Themenbereich Migration, soziale Inklusion und Wohnen gemeinsam mit dem Department f\u00fcr Migration und Globalisierung an der Donau-Universit\u00e4t Krems: Wohnbauforschungsprojekte, Organisation [&hellip;]<\/p>","protected":false},"author":1,"featured_media":825,"parent":0,"menu_order":0,"comment_status":"closed","ping_status":"closed","template":"","meta":[],"_links":{"self":[{"href":"http:\/\/christian-perl.at\/en\/wp-json\/wp\/v2\/pages\/338"}],"collection":[{"href":"http:\/\/christian-perl.at\/en\/wp-json\/wp\/v2\/pages"}],"about":[{"href":"http:\/\/christian-perl.at\/en\/wp-json\/wp\/v2\/types\/page"}],"author":[{"embeddable":true,"href":"http:\/\/christian-perl.at\/en\/wp-json\/wp\/v2\/users\/1"}],"replies":[{"embeddable":true,"href":"http:\/\/christian-perl.at\/en\/wp-json\/wp\/v2\/comments?post=338"}],"version-history":[{"count":83,"href":"http:\/\/christian-perl.at\/en\/wp-json\/wp\/v2\/pages\/338\/revisions"}],"predecessor-version":[{"id":3249,"href":"http:\/\/christian-perl.at\/en\/wp-json\/wp\/v2\/pages\/338\/revisions\/3249"}],"wp:featuredmedia":[{"embeddable":true,"href":"http:\/\/christian-perl.at\/en\/wp-json\/wp\/v2\/media\/825"}],"wp:attachment":[{"href":"http:\/\/christian-perl.at\/en\/wp-json\/wp\/v2\/media?parent=338"}],"curies":[{"name":"wp","href":"https:\/\/api.w.org\/{rel}","templated":true}]}}