{"id":334,"date":"2017-12-18T11:11:54","date_gmt":"2017-12-18T10:11:54","guid":{"rendered":"http:\/\/christian-perl.at\/?page_id=334"},"modified":"2022-12-06T22:04:54","modified_gmt":"2022-12-06T21:04:54","slug":"mein-angebot","status":"publish","type":"page","link":"http:\/\/christian-perl.at\/en\/mein-angebot\/","title":{"rendered":"Offer"},"content":{"rendered":"<h1>Design und Moderation von lebendigen, partizipativen Veranstaltungen, Workshops und Seminaren<\/h1>\n<hr \/>\n<h6><a href=\"https:\/\/christian-perl.at\/wp-content\/uploads\/2018\/01\/DSC_0768_3.jpg\" data-size=\"630x420\"><img loading=\"lazy\" class=\"alignnone wp-image-754 size-full\" src=\"https:\/\/christian-perl.at\/wp-content\/uploads\/2018\/01\/DSC_0768_3.jpg\" alt=\"\" width=\"630\" height=\"420\" srcset=\"https:\/\/christian-perl.at\/wp-content\/uploads\/2018\/01\/DSC_0768_3.jpg 630w, https:\/\/christian-perl.at\/wp-content\/uploads\/2018\/01\/DSC_0768_3-300x200.jpg 300w\" sizes=\"(max-width: 630px) 100vw, 630px\" \/><\/a><\/h6>\n<h6>Credits: BAWO Tagung 2016, Moderation: Christian Perl |\u00a0Bilder \u00a9Heidmarie Supper<\/h6>\n<p>The art of asking good questions stands at the beginning of every successful event. What are we really talking about? What are the goals, what is the spirit and purpose of the event? For whom and in what context does it take place? How can we make our event powerful and creative?<\/p>\n<p>Gemeinsam mit Ihnen erkunde ich diese und andere Fragen und erstelle ein individuelles Veranstaltungsdesign f\u00fcr Sie daf\u00fcr. Ein realisierbarer Zeit\u2013 und Umsetzungsplan ist Teil dieses Designs. Durch meine Erfahrung kann ich Ihnen die geeigneten Moderationsmethoden, vorschlagen, Ihre Ideen und Ziele umzusetzen und Ihre Ergebnisse geeignet zu sichern. Wenn Sie das m\u00f6chten, unterst\u00fctze ich Sie dabei, den richtigen Veranstaltungsort zu finden und Raum und Atmosph\u00e4re zu gestalten.<\/p>\n<h2>mein Moderationsangebot:<\/h2>\n<ul>\n<li><a href=\"https:\/\/christian-perl.at\/en\/fachtagungen\/\">Konzeption und Moderation von Fachtagungen und Konferenzen<\/a><\/li>\n<li><a href=\"https:\/\/christian-perl.at\/en\/meetings-und-klausuren\/\">Team- Meetings und Klausuren<\/a><\/li>\n<li><a href=\"http:\/\/christian-perl.at\/en\/methoden\/\">breites Spektrum an Moderationsmethoden f\u00fcr kleinere, mittlere und Gro\u00dfgruppen<\/a><\/li>\n<li><a href=\"https:\/\/christian-perl.at\/en\/trainings-und-seminare\/\">Facilitation-, communication- and conflict seminars<\/a><\/li>\n<li><a href=\"http:\/\/christian-perl.at\/en\/fokusgruppen\/\">focus groups<\/a><\/li>\n<li><a href=\"http:\/\/christian-perl.at\/en\/gemeinwesenarbeit\/\">Community work: planning workshops, residents\u2018 meetings, future forums<\/a><\/li>\n<\/ul>\n<p>Have I piqued your interest? Contact me, I would be happy to advise you on your topic without obligation<\/p>","protected":false},"excerpt":{"rendered":"<p>Design und Moderation von lebendigen, partizipativen Veranstaltungen, Workshops und Seminaren Credits: BAWO Tagung 2016, Moderation: Christian Perl |\u00a0Bilder \u00a9Heidmarie Supper Die Kunst gute Fragen zu stellen, steht am Anfang jeder gelungenen Veranstaltung. Worum geht es uns wirklich? Was sind die Ziele, was ist der Sinn und der Zweck der Veranstaltung? F\u00fcr wen und in welchem [&hellip;]<\/p>","protected":false},"author":1,"featured_media":393,"parent":0,"menu_order":0,"comment_status":"closed","ping_status":"closed","template":"","meta":[],"_links":{"self":[{"href":"http:\/\/christian-perl.at\/en\/wp-json\/wp\/v2\/pages\/334"}],"collection":[{"href":"http:\/\/christian-perl.at\/en\/wp-json\/wp\/v2\/pages"}],"about":[{"href":"http:\/\/christian-perl.at\/en\/wp-json\/wp\/v2\/types\/page"}],"author":[{"embeddable":true,"href":"http:\/\/christian-perl.at\/en\/wp-json\/wp\/v2\/users\/1"}],"replies":[{"embeddable":true,"href":"http:\/\/christian-perl.at\/en\/wp-json\/wp\/v2\/comments?post=334"}],"version-history":[{"count":54,"href":"http:\/\/christian-perl.at\/en\/wp-json\/wp\/v2\/pages\/334\/revisions"}],"predecessor-version":[{"id":3028,"href":"http:\/\/christian-perl.at\/en\/wp-json\/wp\/v2\/pages\/334\/revisions\/3028"}],"wp:featuredmedia":[{"embeddable":true,"href":"http:\/\/christian-perl.at\/en\/wp-json\/wp\/v2\/media\/393"}],"wp:attachment":[{"href":"http:\/\/christian-perl.at\/en\/wp-json\/wp\/v2\/media?parent=334"}],"curies":[{"name":"wp","href":"https:\/\/api.w.org\/{rel}","templated":true}]}}