{"id":332,"date":"2017-12-18T11:11:37","date_gmt":"2017-12-18T10:11:37","guid":{"rendered":"http:\/\/christian-perl.at\/?page_id=332"},"modified":"2023-01-04T07:22:26","modified_gmt":"2023-01-04T06:22:26","slug":"methoden","status":"publish","type":"page","link":"http:\/\/christian-perl.at\/en\/methoden\/","title":{"rendered":"Methoden f\u00fcr lebendige und wirkungsvolle Moderation"},"content":{"rendered":"<h1>Moderationsmethoden f\u00fcr Gro\u00dfgruppen, Meetings und Workshops<\/h1>\n<p>In dieser \u00dcbersicht stelle ich Ihnen eine Auswahl partizipativer Moderationsmethoden und Techniken vor, die sich f\u00fcr lebendige und wirkungsvolle Moderation kleiner, mittlerer und gro\u00dfer Meetings, Workshops und Veranstaltungen bew\u00e4hrt haben.<\/p>\n<p>Gerne berate ich Sie pers\u00f6nlich, welche Methode die beste M\u00f6glichkeit zum Erreichen Ihrer Ziele darstellt.<\/p>\n<hr \/>\n<table>\n<tbody>\n<tr>\n<td rowspan=\"2\" width=\"20%\">\n<h5>Methode<\/h5>\n<\/td>\n<td rowspan=\"2\" width=\"40%\">\n<h5>Kurzbeschreibung<\/h5>\n<\/td>\n<td colspan=\"3\" width=\"40%\">geeignet f\u00fcr<\/td>\n<\/tr>\n<tr>\n<td width=\"33,333%\">kleiner Gruppe\u00b9<\/td>\n<td width=\"33,333%\">mittlere Gruppe\u00b2<\/td>\n<td width=\"33,333%\">gro\u00dfe Gruppe\u00b3<\/td>\n<\/tr>\n<tr>\n<td width=\"20%\">Aktivierende Befragung<\/td>\n<td width=\"40%\">Methode der Gemeinwesenarbeit zur Aktivierung von BewohnerInnen<\/td>\n<td style=\"text-align: center;\" width=\"13,333%\">x<\/td>\n<td style=\"text-align: center;\" width=\"13,333%\">x<\/td>\n<td style=\"text-align: center;\" width=\"13,333%\">x<\/td>\n<\/tr>\n<tr>\n<td width=\"92\">B\u00fcrgerInnenrat (Wisdom Council)<\/td>\n<td width=\"163\">Instrument der B\u00fcrgerInnenbeteiligung<\/td>\n<td style=\"text-align: center;\" width=\"13,333%\">x<\/td>\n<td style=\"text-align: center;\" width=\"13,333%\">x<\/td>\n<td style=\"text-align: center;\" width=\"13,333%\"><\/td>\n<\/tr>\n<tr>\n<td width=\"92\"><a href=\"https:\/\/christian-perl.at\/en\/collective-story-harvesting\/\">Collective Story Harvesting<\/a><\/td>\n<td width=\"163\">erm\u00f6glicht, uns \u00fcber konkrete Geschichten mit den Erfahrungen und Erlebnissen in der Community, dem Team oder der Organisation zu verbinden und daraus zu lernen<\/td>\n<td style=\"text-align: center;\" width=\"13,333%\">x<\/td>\n<td style=\"text-align: center;\" width=\"13,333%\">x<\/td>\n<td style=\"text-align: center;\" width=\"13,333%\">x<\/td>\n<\/tr>\n<tr>\n<td width=\"92\"><a href=\"http:\/\/christian-perl.at\/en\/dialogkreis\/\">Dialog<\/a><\/td>\n<td width=\"163\">hochwirksames Kommunikationsverfahren, das auf absoluter Gleichw\u00fcrdigkeit aller Teilnehmenden basiert. Besonders f\u00fcr strategische und kreative Denkprozesse geeignet<\/td>\n<td style=\"text-align: center;\" width=\"13,333%\">x<\/td>\n<td style=\"text-align: center;\" width=\"13,333%\">x<\/td>\n<td style=\"text-align: center;\" width=\"13,333%\">x<\/td>\n<\/tr>\n<tr>\n<td width=\"92\"><a href=\"http:\/\/christian-perl.at\/en\/dynamic-facilitation\/\">Dynamic Facilitation<\/a><\/td>\n<td width=\"163\">Methode insbesondere f\u00fcr schwierige, verfahrene Situationen und gesellschaftspolitisch relevante Fragestellungen<\/td>\n<td style=\"text-align: center;\" width=\"13,333%\">x<\/td>\n<td style=\"text-align: center;\" width=\"13,333%\">x<\/td>\n<td style=\"text-align: center;\" width=\"13,333%\">x<\/td>\n<\/tr>\n<tr>\n<td width=\"92\">Fish Bowl &#8211;<br \/>\ndialogisch<\/td>\n<td width=\"163\">Dynamische Methode zum Austausch in mittleren und gr\u00f6\u00dferen Gruppen mit Innen- und Au\u00dfenkreis; dialogische Alternative zur herk\u00f6mmlichen Podiumsdiskussion<\/td>\n<td style=\"text-align: center;\" width=\"13,333%\"><\/td>\n<td style=\"text-align: center;\" width=\"13,333%\">x<\/td>\n<td style=\"text-align: center;\" width=\"13,333%\">x<\/td>\n<\/tr>\n<tr>\n<td width=\"92\"><a href=\"http:\/\/christian-perl.at\/en\/fokusgruppen\/\">Fokusgruppe<\/a><\/td>\n<td width=\"163\">Vorstrukturiertes Gruppen-interview um Antworten zu erhalten<\/td>\n<td style=\"text-align: center;\" width=\"13,333%\">x<\/td>\n<td style=\"text-align: center;\" width=\"13,333%\">x<\/td>\n<td style=\"text-align: center;\" width=\"13,333%\"><\/td>\n<\/tr>\n<tr>\n<td width=\"92\"><a href=\"http:\/\/christian-perl.at\/en\/open-space\/\">Open Space<\/a><\/td>\n<td width=\"163\">Raum geben f\u00fcr offene, wenig vorstrukturierte Diskussionen mit hoher Eigenverantwortung der Teilnehmenden<\/td>\n<td style=\"text-align: center;\" width=\"13,333%\">x<\/td>\n<td style=\"text-align: center;\" width=\"13,333%\">x<\/td>\n<td style=\"text-align: center;\" width=\"13,333%\">x<\/td>\n<\/tr>\n<tr>\n<td width=\"92\"><a href=\"http:\/\/christian-perl.at\/en\/pro-action-cafe\/\">Pro Action Caf\u00e9<\/a><\/td>\n<td width=\"163\">World Caf\u00e9 bei dem mehrere Teilnehmende gleichzeitig in ihrem Anliegen oder Projekt von der Gruppe unterst\u00fctzt werden k\u00f6nnen; wenn nicht alle alles in der ganzen Gruppe besprechen m\u00fcssen<\/td>\n<td style=\"text-align: center;\" width=\"13,333%\">x<\/td>\n<td style=\"text-align: center;\" width=\"13,333%\">x<\/td>\n<td style=\"text-align: center;\" width=\"13,333%\">x<\/td>\n<\/tr>\n<tr>\n<td width=\"92\">Wissenscaf\u00e9 (Knowledge Caf\u00e9)<\/td>\n<td width=\"163\">World Caf\u00e9 bei dem der Wissenserwerb im Vordergrund steht<\/td>\n<td style=\"text-align: center;\" width=\"13,333%\"><\/td>\n<td style=\"text-align: center;\" width=\"13,333%\">x<\/td>\n<td style=\"text-align: center;\" width=\"13,333%\"><\/td>\n<\/tr>\n<tr>\n<td width=\"92\"><a href=\"http:\/\/christian-perl.at\/en\/world-cafe\/\">World Caf\u00e9<\/a><\/td>\n<td width=\"163\">Gespr\u00e4che in wechselnden Kleingruppen in angenehmer Atmosph\u00e4re zu komplexen und wichtigen Fragen, in der Regel 3 Runden mit festgelegter Fragestellung und wechselnden Teilnehmenden<\/td>\n<td style=\"text-align: center;\" width=\"13,333%\"><\/td>\n<td style=\"text-align: center;\" width=\"13,333%\">x<\/td>\n<td style=\"text-align: center;\" width=\"13,333%\">x<\/td>\n<\/tr>\n<\/tbody>\n<\/table>\n<p>\u00b9bis ca. 12-15 Personen<br \/>\n\u00b2von ca. 12 bis 30 Personen<br \/>\n\u00b3ab ca. 30 Personen<\/p>\n<p>&nbsp;<\/p>","protected":false},"excerpt":{"rendered":"<p>Moderationsmethoden f\u00fcr Gro\u00dfgruppen, Meetings und Workshops In dieser \u00dcbersicht stelle ich Ihnen eine Auswahl partizipativer Moderationsmethoden und Techniken vor, die sich f\u00fcr lebendige und wirkungsvolle Moderation kleiner, mittlerer und gro\u00dfer Meetings, Workshops und Veranstaltungen bew\u00e4hrt haben. Gerne berate ich Sie pers\u00f6nlich, welche Methode die beste M\u00f6glichkeit zum Erreichen Ihrer Ziele darstellt. Methode Kurzbeschreibung geeignet f\u00fcr [&hellip;]<\/p>","protected":false},"author":1,"featured_media":407,"parent":0,"menu_order":0,"comment_status":"closed","ping_status":"closed","template":"","meta":[],"_links":{"self":[{"href":"http:\/\/christian-perl.at\/en\/wp-json\/wp\/v2\/pages\/332"}],"collection":[{"href":"http:\/\/christian-perl.at\/en\/wp-json\/wp\/v2\/pages"}],"about":[{"href":"http:\/\/christian-perl.at\/en\/wp-json\/wp\/v2\/types\/page"}],"author":[{"embeddable":true,"href":"http:\/\/christian-perl.at\/en\/wp-json\/wp\/v2\/users\/1"}],"replies":[{"embeddable":true,"href":"http:\/\/christian-perl.at\/en\/wp-json\/wp\/v2\/comments?post=332"}],"version-history":[{"count":59,"href":"http:\/\/christian-perl.at\/en\/wp-json\/wp\/v2\/pages\/332\/revisions"}],"predecessor-version":[{"id":3121,"href":"http:\/\/christian-perl.at\/en\/wp-json\/wp\/v2\/pages\/332\/revisions\/3121"}],"wp:featuredmedia":[{"embeddable":true,"href":"http:\/\/christian-perl.at\/en\/wp-json\/wp\/v2\/media\/407"}],"wp:attachment":[{"href":"http:\/\/christian-perl.at\/en\/wp-json\/wp\/v2\/media?parent=332"}],"curies":[{"name":"wp","href":"https:\/\/api.w.org\/{rel}","templated":true}]}}