{"id":2883,"date":"2022-10-13T10:58:52","date_gmt":"2022-10-13T08:58:52","guid":{"rendered":"https:\/\/christian-perl.at\/?page_id=2883"},"modified":"2022-10-13T10:58:52","modified_gmt":"2022-10-13T08:58:52","slug":"anmeldung","status":"publish","type":"page","link":"http:\/\/christian-perl.at\/en\/anmeldung\/","title":{"rendered":"Anmeldung"},"content":{"rendered":"<script type=\"text\/javascript\">var gform;gform||(document.addEventListener(\"gform_main_scripts_loaded\",function(){gform.scriptsLoaded=!0}),window.addEventListener(\"DOMContentLoaded\",function(){gform.domLoaded=!0}),gform={domLoaded:!1,scriptsLoaded:!1,initializeOnLoaded:function(o){gform.domLoaded&&gform.scriptsLoaded?o():!gform.domLoaded&&gform.scriptsLoaded?window.addEventListener(\"DOMContentLoaded\",o):document.addEventListener(\"gform_main_scripts_loaded\",o)},hooks:{action:{},filter:{}},addAction:function(o,n,r,t){gform.addHook(\"action\",o,n,r,t)},addFilter:function(o,n,r,t){gform.addHook(\"filter\",o,n,r,t)},doAction:function(o){gform.doHook(\"action\",o,arguments)},applyFilters:function(o){return gform.doHook(\"filter\",o,arguments)},removeAction:function(o,n){gform.removeHook(\"action\",o,n)},removeFilter:function(o,n,r){gform.removeHook(\"filter\",o,n,r)},addHook:function(o,n,r,t,i){null==gform.hooks[o][n]&&(gform.hooks[o][n]=[]);var e=gform.hooks[o][n];null==i&&(i=n+\"_\"+e.length),gform.hooks[o][n].push({tag:i,callable:r,priority:t=null==t?10:t})},doHook:function(n,o,r){var t;if(r=Array.prototype.slice.call(r,1),null!=gform.hooks[n][o]&&((o=gform.hooks[n][o]).sort(function(o,n){return o.priority-n.priority}),o.forEach(function(o){\"function\"!=typeof(t=o.callable)&&(t=window[t]),\"action\"==n?t.apply(null,r):r[0]=t.apply(null,r)})),\"filter\"==n)return r[0]},removeHook:function(o,n,t,i){var r;null!=gform.hooks[o][n]&&(r=(r=gform.hooks[o][n]).filter(function(o,n,r){return!!(null!=i&&i!=o.tag||null!=t&&t!=o.priority)}),gform.hooks[o][n]=r)}});<\/script>\n                <div class='gf_browser_gecko gform_wrapper gravity-theme' id='gform_wrapper_4' ><div id='gf_4' class='gform_anchor' tabindex='-1'><\/div>\n                        <div class='gform_heading'>\n                            <h2 class=\"gform_title\">Anmeldung Veranstaltungen und Seminare<\/h2>\n                            <span class='gform_description'><\/span>\n                        <\/div><form method='post' enctype='multipart\/form-data'  id='gform_4'  action='\/en\/wp-json\/wp\/v2\/pages\/2883#gf_4' novalidate data-trp-original-action=\"\/en\/wp-json\/wp\/v2\/pages\/2883#gf_4\">\n        <div id='gf_progressbar_wrapper_4' class='gf_progressbar_wrapper'>\n        \t<p class=\"gf_progressbar_title\">Step <span class='gf_step_current_page'>1<\/span> of <span class='gf_step_page_count'>3<\/span>\n        \t<\/p>\n            <div class='gf_progressbar gf_progressbar_blue' aria-hidden='true'>\n                <div class='gf_progressbar_percentage percentbar_blue percentbar_33' style='width:33%;'><span>33%<\/span><\/div>\n            <\/div><\/div>\n                        <div class='gform_body gform-body'><div id='gform_page_4_1' class='gform_page' >\n                                    <div class='gform_page_fields'><div id='gform_fields_4' class='gform_fields top_label form_sublabel_below description_below'><fieldset id=\"field_4_2\"  class=\"gfield gfield--width-full gfield_contains_required field_sublabel_below field_description_below gfield_visibility_visible\"  data-js-reload=\"field_4_2\"><legend class='gfield_label gfield_label_before_complex'  >Dein Name<span class=\"gfield_required\"><span class=\"gfield_required gfield_required_text\">(Required)<\/span><\/span><\/legend><div class='ginput_complex ginput_container no_prefix has_first_name no_middle_name has_last_name no_suffix gf_name_has_2 ginput_container_name' id='input_4_2'>\n                            \n                            <span id='input_4_2_3_container' class='name_first' >\n                                                    <input type='text' name='input_2.3' id='input_4_2_3' value=''   aria-required='true'     \/>\n                                                    <label for='input_4_2_3' >First<\/label>\n                                                <\/span>\n                            \n                            <span id='input_4_2_6_container' class='name_last' >\n                                                    <input type='text' name='input_2.6' id='input_4_2_6' value=''   aria-required='true'     \/>\n                                                    <label for='input_4_2_6' >Last<\/label>\n                                                <\/span>\n                            \n                        <\/div><\/fieldset><div id=\"field_4_3\"  class=\"gfield gfield--width-full gfield_contains_required field_sublabel_below field_description_below gfield_visibility_visible\"  data-js-reload=\"field_4_3\"><label class='gfield_label' for='input_4_3' >Deine E-Mail-Adresse *<span class=\"gfield_required\"><span class=\"gfield_required gfield_required_text\">(Required)<\/span><\/span><\/label><div class='ginput_container ginput_container_email'>\n                            <input name='input_3' id='input_4_3' type='email' value='' class='large'    aria-required=\"true\" aria-invalid=\"false\"  \/>\n                        <\/div><\/div><div id=\"field_4_4\"  class=\"gfield gfield--width-full gfield_contains_required field_sublabel_below field_description_below gfield_visibility_visible\"  data-js-reload=\"field_4_4\"><label class='gfield_label' for='input_4_4' >Deine Telefonnummer *<span class=\"gfield_required\"><span class=\"gfield_required gfield_required_text\">(Required)<\/span><\/span><\/label><div class='ginput_container ginput_container_text'><input name='input_4' id='input_4_4' type='text' value='' class='large'     aria-required=\"true\" aria-invalid=\"false\"   \/> <\/div><\/div><\/div>\n                    <\/div>\n                    <div class='gform_page_footer top_label'>\n                         <input type='button' id='gform_next_button_4_7' class='gform_next_button button' value='Weiter'  onclick='jQuery(\"#gform_target_page_number_4\").val(\"2\");  jQuery(\"#gform_4\").trigger(\"submit\",[true]); ' onkeypress='if( event.keyCode == 13 ){ jQuery(\"#gform_target_page_number_4\").val(\"2\");  jQuery(\"#gform_4\").trigger(\"submit\",[true]); } ' \/> <button type='button'  id='gform_save_4_2_link' class='gform_save_link button'  onclick='if(window[\"gf_submitting_4\"]){return false;}  if( !jQuery(\"#gform_4\")[0].checkValidity || jQuery(\"#gform_4\")[0].checkValidity()){window[\"gf_submitting_4\"]=true;} jQuery(\"#gform_save_4\").val(1); jQuery(\"#gform_4\").trigger(\"submit\",[true]);' onkeypress='if( event.keyCode == 13 ){ if(window[\"gf_submitting_4\"]){return false;} if( !jQuery(\"#gform_4\")[0].checkValidity || jQuery(\"#gform_4\")[0].checkValidity()){window[\"gf_submitting_4\"]=true;} jQuery(\"#gform_save_4\").val(1); jQuery(\"#gform_4\").trigger(\"submit\",[true]); }'><svg aria-hidden=\"true\" focusable=\"false\" width=\"16\" height=\"16\" fill=\"none\" xmlns=\"http:\/\/www.w3.org\/2000\/svg\"><path fill-rule=\"evenodd\" clip-rule=\"evenodd\" d=\"M0 8a4 4 0 004 4h3v3a1 1 0 102 0v-3h3a4 4 0 100-8 4 4 0 10-8 0 4 4 0 00-4 4zm9 4H7V7.414L5.707 8.707a1 1 0 01-1.414-1.414l3-3a1 1 0 011.414 0l3 3a1 1 0 01-1.414 1.414L9 7.414V12z\" fill=\"#6B7280\"\/><\/svg> Speichern und sp\u00e4ter fortfahren<\/button>\n                    <\/div>\n                <\/div>\n                <div id='gform_page_4_2' class='gform_page' style='display:none;'>\n                    <div class='gform_page_fields'>\n                        <div id='gform_fields_4_2' class='gform_fields top_label form_sublabel_below description_below'><fieldset id=\"field_4_10\"  class=\"gfield gfield--width-full gfield_contains_required field_sublabel_below field_description_below gfield_visibility_visible\"  data-js-reload=\"field_4_10\"><legend class='gfield_label'  >F\u00fcr welche Veranstaltung, welches Seminar m\u00f6chtest Du Dich anmelden?<span class=\"gfield_required\"><span class=\"gfield_required gfield_required_text\">(Required)<\/span><\/span><\/legend><div class='ginput_container ginput_container_radio'><div class='gfield_radio' id='input_4_10'>\n\t\t\t<div class='gchoice gchoice_4_10_0'>\n\t\t\t\t\t<input class='gfield-choice-input' name='input_10' type='radio' value='&quot;Dialogr\u00e4ume der Hoffnung&quot; am 26. J\u00e4nner 23; Zoom; ausgebucht, Anmeldungen nur mehr auf Warteliste m\u00f6glich'  id='choice_4_10_0' onchange='gformToggleRadioOther( this )'    \/>\n\t\t\t\t\t<label for='choice_4_10_0' id='label_4_10_0'>\"Dialogr\u00e4ume der Hoffnung\" am 26. J\u00e4nner 23; Zoom; ausgebucht, Anmeldungen nur mehr auf Warteliste m\u00f6glich<\/label>\n\t\t\t<\/div>\n\t\t\t<div class='gchoice gchoice_4_10_1'>\n\t\t\t\t\t<input class='gfield-choice-input' name='input_10' type='radio' value='&quot;Die Kraft des Dialogs&quot; 24.\/25. Februar 23, Wien'  id='choice_4_10_1' onchange='gformToggleRadioOther( this )'    \/>\n\t\t\t\t\t<label for='choice_4_10_1' id='label_4_10_1'>\"Die Kraft des Dialogs\" 24.\/25. Februar 23, Wien<\/label>\n\t\t\t<\/div>\n\t\t\t<div class='gchoice gchoice_4_10_2'>\n\t\t\t\t\t<input class='gfield-choice-input' name='input_10' type='radio' value='&quot;Dialogr\u00e4ume der Hoffnung&quot; am 9. M\u00e4rz 2 ausgebucht, keine Anmeldung mehr m\u00f6glich Zoom'  id='choice_4_10_2' onchange='gformToggleRadioOther( this )'    \/>\n\t\t\t\t\t<label for='choice_4_10_2' id='label_4_10_2'>\"Dialogr\u00e4ume der Hoffnung\" am 9. M\u00e4rz 2 ausgebucht, keine Anmeldung mehr m\u00f6glich Zoom<\/label>\n\t\t\t<\/div>\n\t\t\t<div class='gchoice gchoice_4_10_3'>\n\t\t\t\t\t<input class='gfield-choice-input' name='input_10' type='radio' value='&quot;Gro\u00dfe Gruppen bewegen&quot; am 2.\/3. Mai 23, Wien'  id='choice_4_10_3' onchange='gformToggleRadioOther( this )'    \/>\n\t\t\t\t\t<label for='choice_4_10_3' id='label_4_10_3'>\"Gro\u00dfe Gruppen bewegen\" am 2.\/3. Mai 23, Wien<\/label>\n\t\t\t<\/div><\/div><\/div><\/fieldset><fieldset id=\"field_4_20\"  class=\"gfield gfield--width-full gfield_contains_required field_sublabel_below field_description_below gfield_visibility_visible\"  data-js-reload=\"field_4_20\"><legend class='gfield_label'  >Wieviel Erfahrungen hast du in der Moderation und Begleitung von Gruppen? *<span class=\"gfield_required\"><span class=\"gfield_required gfield_required_text\">(Required)<\/span><\/span><\/legend><div class='ginput_container ginput_container_radio'><div class='gfield_radio' id='input_4_20'>\n\t\t\t<div class='gchoice gchoice_4_20_0'>\n\t\t\t\t\t<input class='gfield-choice-input' name='input_20' type='radio' value='Ich stehe noch am Anfang und habe wenig Erfahrung'  id='choice_4_20_0' onchange='gformToggleRadioOther( this )'    \/>\n\t\t\t\t\t<label for='choice_4_20_0' id='label_4_20_0'>Ich stehe noch am Anfang und habe wenig Erfahrung<\/label>\n\t\t\t<\/div>\n\t\t\t<div class='gchoice gchoice_4_20_1'>\n\t\t\t\t\t<input class='gfield-choice-input' name='input_20' type='radio' value='Ich hab bereits einige Erfahrung in der Moderation von Gruppen'  id='choice_4_20_1' onchange='gformToggleRadioOther( this )'    \/>\n\t\t\t\t\t<label for='choice_4_20_1' id='label_4_20_1'>Ich hab bereits einige Erfahrung in der Moderation von Gruppen<\/label>\n\t\t\t<\/div>\n\t\t\t<div class='gchoice gchoice_4_20_2'>\n\t\t\t\t\t<input class='gfield-choice-input' name='input_20' type='radio' value='Ich hab bereits Dialoge selber begleitet'  id='choice_4_20_2' onchange='gformToggleRadioOther( this )'    \/>\n\t\t\t\t\t<label for='choice_4_20_2' id='label_4_20_2'>Ich hab bereits Dialoge selber begleitet<\/label>\n\t\t\t<\/div>\n\t\t\t<div class='gchoice gchoice_4_20_3'>\n\t\t\t\t\t<input class='gfield-choice-input' name='input_20' type='radio' value='Ich gestalte\/moderiere regelm\u00e4\u00dfig Gruppen'  id='choice_4_20_3' onchange='gformToggleRadioOther( this )'    \/>\n\t\t\t\t\t<label for='choice_4_20_3' id='label_4_20_3'>Ich gestalte\/moderiere regelm\u00e4\u00dfig Gruppen<\/label>\n\t\t\t<\/div>\n\t\t\t<div class='gchoice gchoice_4_20_4'>\n\t\t\t\t\t<input class='gfield-choice-input' name='input_20' type='radio' value='Ich begleite regelm\u00e4\u00dfig Dialoge'  id='choice_4_20_4' onchange='gformToggleRadioOther( this )'    \/>\n\t\t\t\t\t<label for='choice_4_20_4' id='label_4_20_4'>Ich begleite regelm\u00e4\u00dfig Dialoge<\/label>\n\t\t\t<\/div><\/div><\/div><\/fieldset><div id=\"field_4_11\"  class=\"gfield gfield--width-full gfield_contains_required field_sublabel_below field_description_below gfield_visibility_visible\"  data-js-reload=\"field_4_11\"><label class='gfield_label' for='input_4_11' >Was ist aktuell Deine gr\u00f6\u00dfte Herausforderung in der Moderation oder Begleitung von Gruppen?  *<span class=\"gfield_required\"><span class=\"gfield_required gfield_required_text\">(Required)<\/span><\/span><\/label><div class='ginput_container ginput_container_textarea'><textarea name='input_11' id='input_4_11' class='textarea large'     aria-required=\"true\" aria-invalid=\"false\"   rows='10' cols='50'><\/textarea><\/div><\/div><\/div>\n                    <\/div>\n                    <div class='gform_page_footer top_label'>\n                        <input type='button' id='gform_previous_button_4_14' class='gform_previous_button button' value='Zur\u00fcck'  onclick='jQuery(\"#gform_target_page_number_4\").val(\"1\");  jQuery(\"#gform_4\").trigger(\"submit\",[true]); ' onkeypress='if( event.keyCode == 13 ){ jQuery(\"#gform_target_page_number_4\").val(\"1\");  jQuery(\"#gform_4\").trigger(\"submit\",[true]); } ' \/> <input type='button' id='gform_next_button_4_14' class='gform_next_button button' value='Weiter'  onclick='jQuery(\"#gform_target_page_number_4\").val(\"3\");  jQuery(\"#gform_4\").trigger(\"submit\",[true]); ' onkeypress='if( event.keyCode == 13 ){ jQuery(\"#gform_target_page_number_4\").val(\"3\");  jQuery(\"#gform_4\").trigger(\"submit\",[true]); } ' \/> <button type='button'  id='gform_save_4_3_link' class='gform_save_link button'  onclick='if(window[\"gf_submitting_4\"]){return false;}  if( !jQuery(\"#gform_4\")[0].checkValidity || jQuery(\"#gform_4\")[0].checkValidity()){window[\"gf_submitting_4\"]=true;} jQuery(\"#gform_save_4\").val(1); jQuery(\"#gform_4\").trigger(\"submit\",[true]);' onkeypress='if( event.keyCode == 13 ){ if(window[\"gf_submitting_4\"]){return false;} if( !jQuery(\"#gform_4\")[0].checkValidity || jQuery(\"#gform_4\")[0].checkValidity()){window[\"gf_submitting_4\"]=true;} jQuery(\"#gform_save_4\").val(1); jQuery(\"#gform_4\").trigger(\"submit\",[true]); }'><svg aria-hidden=\"true\" focusable=\"false\" width=\"16\" height=\"16\" fill=\"none\" xmlns=\"http:\/\/www.w3.org\/2000\/svg\"><path fill-rule=\"evenodd\" clip-rule=\"evenodd\" d=\"M0 8a4 4 0 004 4h3v3a1 1 0 102 0v-3h3a4 4 0 100-8 4 4 0 10-8 0 4 4 0 00-4 4zm9 4H7V7.414L5.707 8.707a1 1 0 01-1.414-1.414l3-3a1 1 0 011.414 0l3 3a1 1 0 01-1.414 1.414L9 7.414V12z\" fill=\"#6B7280\"\/><\/svg> Speichern und sp\u00e4ter fortfahren<\/button>\n                    <\/div>\n                <\/div>\n                <div id='gform_page_4_3' class='gform_page' style='display:none;'>\n                    <div class='gform_page_fields'>\n                        <div id='gform_fields_4_3' class='gform_fields top_label form_sublabel_below description_below'><fieldset id=\"field_4_18\"  class=\"gfield gfield--width-full field_sublabel_below field_description_below gfield_visibility_visible\"  data-js-reload=\"field_4_18\"><legend class='gfield_label gfield_label_before_complex'  >Einwilligung<\/legend><div class='ginput_container ginput_container_consent'><input name='input_18.1' id='input_4_18_1' type='checkbox' value='1'  aria-describedby=\"gfield_consent_description_4_18\"  aria-invalid=\"false\"   \/> <label class=\"gfield_consent_label\" for='input_4_18_1' >Ich stimme der Datenschutzerkl\u00e4rung zu.<\/label><input type='hidden' name='input_18.2' value='Ich stimme der Datenschutzerkl\u00e4rung zu.' class='gform_hidden' \/><input type='hidden' name='input_18.3' value='7' class='gform_hidden' \/><\/div><div class='gfield_description gfield_consent_description' id='gfield_consent_description_4_18'>Ich verwende deine perso\u0308nlichen Daten nur, um meine Veranstaltungen durchzufu\u0308hren und dich ggf. von Zeit zu Zeit u\u0308ber Angebote sowie andere Inhalte, die fu\u0308r dich von Interesse sein ko\u0308nnten, per E-Mail oder Telefon zu informieren.<br \/>\nDurch deine Zustimmung versicherst du, dass du meine <a href=\"http:\/\/christian-perl.at\/en\/datenschutzerklaerung\/\">Datenschutzerkla\u0308rung<\/a> zur Kenntnis genommen und akzeptiert hast.<\/div><\/fieldset><div id=\"field_4_19\"  class=\"gfield gfield--width-full gfield_html gfield_html_formatted field_sublabel_below field_description_below gfield_visibility_visible\"  data-js-reload=\"field_4_19\">Sobald du deine Angaben abgesendet hast, erh\u00e4ltst Du eine Best\u00e4tigungsmail \u00fcber Deine Anmeldung.\n\nDen entsprechenden Zoom Link f\u00fcr unseren Dialograum, sende ich Dir dann rechtzeitig vorher zu.\nWenn etwas nicht funktionieren sollte melde dich bitte bei mir per Mail:<br><br>\n\n<a href=\"\/en\/&\/#x6d;&#x61;&#x69;&#108;&#116;&#111;:o&#x66;&#x66;&#x69;&#x63;&#101;&#64;ch&#x72;&#x69;&#x73;&#x74;&#105;&#97;n-&#x70;&#x65;&#x72;&#x6c;&#46;&#97;&#116;\">off&#105;&#99;&#101;&#x40;&#x63;&#x68;&#x72;&#x69;&#x73;tia&#110;&#45;&#112;&#101;&#x72;&#x6c;&#x2e;&#x61;&#x74;<\/a>\n\nIch freue mich auf dich!\nChristian<\/div><\/div><\/div>\n        <div class='gform_page_footer top_label'><input type='submit' id='gform_previous_button_4' class='gform_previous_button button' value='Zur\u00fcck'  onclick='if(window[\"gf_submitting_4\"]){return false;}  if( !jQuery(\"#gform_4\")[0].checkValidity || jQuery(\"#gform_4\")[0].checkValidity()){window[\"gf_submitting_4\"]=true;}  ' onkeypress='if( event.keyCode == 13 ){ if(window[\"gf_submitting_4\"]){return false;} if( !jQuery(\"#gform_4\")[0].checkValidity || jQuery(\"#gform_4\")[0].checkValidity()){window[\"gf_submitting_4\"]=true;}  jQuery(\"#gform_4\").trigger(\"submit\",[true]); }' \/> <input type='submit' id='gform_submit_button_4' class='gform_button button' value='Absenden'  onclick='if(window[\"gf_submitting_4\"]){return false;}  if( !jQuery(\"#gform_4\")[0].checkValidity || jQuery(\"#gform_4\")[0].checkValidity()){window[\"gf_submitting_4\"]=true;}  ' onkeypress='if( event.keyCode == 13 ){ if(window[\"gf_submitting_4\"]){return false;} if( !jQuery(\"#gform_4\")[0].checkValidity || jQuery(\"#gform_4\")[0].checkValidity()){window[\"gf_submitting_4\"]=true;}  jQuery(\"#gform_4\").trigger(\"submit\",[true]); }' \/> <button type='button'  id='gform_save_4_footer_link' class='gform_save_link button'  onclick='if(window[\"gf_submitting_4\"]){return false;}  if( !jQuery(\"#gform_4\")[0].checkValidity || jQuery(\"#gform_4\")[0].checkValidity()){window[\"gf_submitting_4\"]=true;} jQuery(\"#gform_save_4\").val(1); jQuery(\"#gform_4\").trigger(\"submit\",[true]);' onkeypress='if( event.keyCode == 13 ){ if(window[\"gf_submitting_4\"]){return false;} if( !jQuery(\"#gform_4\")[0].checkValidity || jQuery(\"#gform_4\")[0].checkValidity()){window[\"gf_submitting_4\"]=true;} jQuery(\"#gform_save_4\").val(1); jQuery(\"#gform_4\").trigger(\"submit\",[true]); }'><svg aria-hidden=\"true\" focusable=\"false\" width=\"16\" height=\"16\" fill=\"none\" xmlns=\"http:\/\/www.w3.org\/2000\/svg\"><path fill-rule=\"evenodd\" clip-rule=\"evenodd\" d=\"M0 8a4 4 0 004 4h3v3a1 1 0 102 0v-3h3a4 4 0 100-8 4 4 0 10-8 0 4 4 0 00-4 4zm9 4H7V7.414L5.707 8.707a1 1 0 01-1.414-1.414l3-3a1 1 0 011.414 0l3 3a1 1 0 01-1.414 1.414L9 7.414V12z\" fill=\"#6B7280\"\/><\/svg> Speichern und sp\u00e4ter fortfahren<\/button>\n            <input type='hidden' class='gform_hidden' name='is_submit_4' value='1' \/>\n            <input type='hidden' class='gform_hidden' name='gform_submit' value='4' \/>\n            <input type='hidden' class='gform_hidden' name='gform_save' id='gform_save_4' value='' \/>\n                             <input type='hidden' class='gform_hidden' name='gform_resume_token' id='gform_resume_token_4' value='' \/>\n            <input type='hidden' class='gform_hidden' name='gform_unique_id' value='' \/>\n            <input type='hidden' class='gform_hidden' name='state_4' value='WyJ7XCIxMFwiOltcImZhYzU2MjNiNDU2ZWFlMmZiMjIyZDk4YmVlMzdiN2M4XCIsXCIwNjk3ZjljZGE1NTQ0OTRmY2YzNjc1NWM0MzgwMjZmMFwiLFwiN2ZmZmZlZGI2MTcxZTJkMjJjNWY5ZTRmMzVkOWE4ZjBcIixcIjg2N2JlMmU3NTJlYzdjOGZkMzA2ODFiMTllMGY2NWJmXCJdLFwiMjBcIjpbXCI3NTIyMDliZmY5N2E3ZWUyYjU2MjI0MTRmZTI1MTEzM1wiLFwiMzZlYmNiYmQ5YTY3YTg1ZjRmMzk0YWI0MTc3MWU5ZmJcIixcImFmZjNhNDg2MzRkNDUwM2FlNzE0YjdlNDk5ODc4NTdiXCIsXCJmYjU3MGIxMzAzMThlZDVmNDMyYTlmMThmY2I4NDcxM1wiLFwiNWM1NDkzODY4NzJmZGJhNDhkYjVkYjE1NWNiMDZjZDJcIl0sXCIxOC4xXCI6XCI0NjZmNmViMzBlNWMxNjZmODczMGU0YTkxNWI4YjAyNlwiLFwiMTguMlwiOlwiYWJmMjUwNTBkNWFiNTM2YzEyMzRiNmRkODYxNGUxNDJcIixcIjE4LjNcIjpcImU5NzZmZDA0NDM0ZTJkYjgwZTM4MjJmNzYyYjhmYjBjXCJ9IiwiZGQxNWEwYmEyNmI2NDUyNTQxNmE3YTJjYjY4MjUxZjkiXQ==' \/>\n            <input type='hidden' class='gform_hidden' name='gform_target_page_number_4' id='gform_target_page_number_4' value='2' \/>\n            <input type='hidden' class='gform_hidden' name='gform_source_page_number_4' id='gform_source_page_number_4' value='1' \/>\n            <input type='hidden' name='gform_field_values' value='' \/>\n            \n        <\/div>\n                        <\/div><\/div>\n                        <input type=\"hidden\" name=\"trp-form-language\" value=\"en\"\/><\/form>\n                        <\/div>","protected":false},"excerpt":{"rendered":"","protected":false},"author":1,"featured_media":0,"parent":0,"menu_order":0,"comment_status":"closed","ping_status":"closed","template":"","meta":[],"_links":{"self":[{"href":"http:\/\/christian-perl.at\/en\/wp-json\/wp\/v2\/pages\/2883"}],"collection":[{"href":"http:\/\/christian-perl.at\/en\/wp-json\/wp\/v2\/pages"}],"about":[{"href":"http:\/\/christian-perl.at\/en\/wp-json\/wp\/v2\/types\/page"}],"author":[{"embeddable":true,"href":"http:\/\/christian-perl.at\/en\/wp-json\/wp\/v2\/users\/1"}],"replies":[{"embeddable":true,"href":"http:\/\/christian-perl.at\/en\/wp-json\/wp\/v2\/comments?post=2883"}],"version-history":[{"count":1,"href":"http:\/\/christian-perl.at\/en\/wp-json\/wp\/v2\/pages\/2883\/revisions"}],"predecessor-version":[{"id":2885,"href":"http:\/\/christian-perl.at\/en\/wp-json\/wp\/v2\/pages\/2883\/revisions\/2885"}],"wp:attachment":[{"href":"http:\/\/christian-perl.at\/en\/wp-json\/wp\/v2\/media?parent=2883"}],"curies":[{"name":"wp","href":"https:\/\/api.w.org\/{rel}","templated":true}]}}